{"id":5064,"date":"2025-07-15T07:08:58","date_gmt":"2025-07-15T05:08:58","guid":{"rendered":"https:\/\/grg-partners.com\/kontakt\/"},"modified":"2025-10-26T09:56:09","modified_gmt":"2025-10-26T08:56:09","slug":"kontakt","status":"publish","type":"page","link":"https:\/\/grg-partners.com\/de\/kontakt\/","title":{"rendered":"Kontakt"},"content":{"rendered":"\t\t<div data-elementor-type=\"wp-page\" data-elementor-id=\"5064\" class=\"elementor elementor-5064 elementor-4446\">\n\t\t\t\t<div class=\"elementor-element elementor-element-9d05d92 e-flex e-con-boxed e-con e-parent\" data-id=\"9d05d92\" data-element_type=\"container\">\n\t\t\t\t\t<div class=\"e-con-inner\">\n\t\t<div class=\"elementor-element elementor-element-2e7d331 e-con-full e-flex e-con e-child\" data-id=\"2e7d331\" data-element_type=\"container\">\n\t\t<div class=\"elementor-element elementor-element-5faf98b e-con-full grg-hero-background e-flex e-con e-child\" data-id=\"5faf98b\" data-element_type=\"container\">\n\t\t\t\t<div class=\"elementor-element elementor-element-ab4a98a grg-elegant-accordion elementor-widget elementor-widget-n-accordion\" data-id=\"ab4a98a\" data-element_type=\"widget\" data-settings=\"{&quot;default_state&quot;:&quot;expanded&quot;,&quot;max_items_expended&quot;:&quot;one&quot;,&quot;n_accordion_animation_duration&quot;:{&quot;unit&quot;:&quot;ms&quot;,&quot;size&quot;:400,&quot;sizes&quot;:[]}}\" data-widget_type=\"nested-accordion.default\">\n\t\t\t\t\t\t\t<div class=\"e-n-accordion\" aria-label=\"Accordion. Open links with Enter or Space, close with Escape, and navigate with Arrow Keys\">\n\t\t\t\t\t\t<details id=\"e-n-accordion-item-1790\" class=\"e-n-accordion-item\" open>\n\t\t\t\t<summary class=\"e-n-accordion-item-title\" data-accordion-index=\"1\" tabindex=\"0\" aria-expanded=\"true\" aria-controls=\"e-n-accordion-item-1790\" >\n\t\t\t\t\t<span class='e-n-accordion-item-title-header'><div class=\"e-n-accordion-item-title-text\"> Kontakt <\/div><\/span>\n\t\t\t\t\t\t\t\t\t<\/summary>\n\t\t\t\t<div role=\"region\" aria-labelledby=\"e-n-accordion-item-1790\" class=\"elementor-element elementor-element-207f881 e-con-full e-flex e-con e-child\" data-id=\"207f881\" data-element_type=\"container\">\n\t\t<div role=\"region\" aria-labelledby=\"e-n-accordion-item-1790\" class=\"elementor-element elementor-element-43f959e e-flex e-con-boxed e-con e-child\" data-id=\"43f959e\" data-element_type=\"container\">\n\t\t\t\t\t<div class=\"e-con-inner\">\n\t\t\t\t<div class=\"elementor-element elementor-element-64bac4d elementor-widget elementor-widget-text-editor\" data-id=\"64bac4d\" data-element_type=\"widget\" data-widget_type=\"text-editor.default\">\n\t\t\t\t\t\t\t\t\t<p><strong data-start=\"591\" data-end=\"623\">Lassen Sie uns gemeinsam Werte schaffen.<\/strong><\/p><p>Ob Sie als Investor nach strategischen Chancen suchen, als Grundst\u00fcckseigent\u00fcmer Entwicklungspotenzial pr\u00fcfen oder als Nutzer ma\u00dfgeschneiderte Logistikl\u00f6sungen ben\u00f6tigen \u2013 <strong data-start=\"788\" data-end=\"795\">GRG<\/strong> ist Ihr Partner f\u00fcr Leistung und nachhaltige Wertsch\u00f6pfung.<\/p><p>Mit Erfahrung, Pr\u00e4zision und Vertrauen realisieren wir Logistikprojekte, die einen echten Unterschied machen.<\/p><p>Kontaktieren Sie uns \u2013 und erfahren Sie, wie wir gemeinsam die n\u00e4chste Generation von Logistikimmobilien gestalten k\u00f6nnen.<\/p>\t\t\t\t\t\t\t\t<\/div>\n\t\t\t\t<div class=\"elementor-element elementor-element-350d98d elementor-widget elementor-widget-google_maps\" data-id=\"350d98d\" data-element_type=\"widget\" data-widget_type=\"google_maps.default\">\n\t\t\t\t\t\t\t<div class=\"elementor-custom-embed\">\n\t\t\t<iframe loading=\"lazy\"\n\t\t\t\t\tsrc=\"https:\/\/maps.google.com\/maps?q=K%C3%B6nigsallee%2027%2040212%20D%C3%BCsseldorf%20Germany&#038;t=m&#038;z=14&#038;output=embed&#038;iwloc=near\"\n\t\t\t\t\ttitle=\"K\u00f6nigsallee 27 40212 D\u00fcsseldorf Germany\"\n\t\t\t\t\taria-label=\"K\u00f6nigsallee 27 40212 D\u00fcsseldorf Germany\"\n\t\t\t><\/iframe>\n\t\t<\/div>\n\t\t\t\t\t\t<\/div>\n\t\t\t\t<div class=\"elementor-element elementor-element-4312c4e elementor-widget elementor-widget-text-editor\" data-id=\"4312c4e\" data-element_type=\"widget\" data-widget_type=\"text-editor.default\">\n\t\t\t\t\t\t\t\t\t<p data-start=\"756\" data-end=\"825\"><strong data-start=\"756\" data-end=\"777\">GRG Partners GmbH<\/strong><br data-start=\"777\" data-end=\"780\">K\u00f6nigsallee 27<br data-start=\"794\" data-end=\"797\">40212 D\u00fcsseldorf<br data-start=\"813\" data-end=\"816\">Deutschland<\/p><p>\ud83d\udce7 <strong data-start=\"830\" data-end=\"857\">office@grg-partners.com<\/strong><\/p><p><a href=\"https:\/\/www.grg-partners.com\/assets\/vcf\/niko-gedaze.vcf\">\ud83d\udcc7 vCard herunterladen<\/a><\/p>\t\t\t\t\t\t\t\t<\/div>\n\t\t\t\t\t<\/div>\n\t\t\t\t<\/div>\n\t\t\t\t<\/div>\n\t\t\t\t\t<\/details>\n\t\t\t\t\t<\/div>\n\t\t\t\t\t\t<\/div>\n\t\t\t\t<\/div>\n\t\t\t\t<div class=\"elementor-element elementor-element-61e35cf5 elementor-widget__width-initial elementor-widget elementor-widget-shortcode\" data-id=\"61e35cf5\" data-element_type=\"widget\" data-widget_type=\"shortcode.default\">\n\t\t\t\t\t\t\t<div class=\"elementor-shortcode\"><div class=\"wpforms-container wpforms-render-modern\" id=\"wpforms-366\"><form id=\"wpforms-form-366\" class=\"wpforms-validate wpforms-form wpforms-ajax-form\" data-formid=\"366\" method=\"post\" enctype=\"multipart\/form-data\" action=\"\/de\/wp-json\/wp\/v2\/pages\/5064\" data-token=\"c5d3ebdbd163f3446a34197e19742919\" data-token-time=\"1776678618\"><div class=\"wpforms-head-container\"><\/div><noscript class=\"wpforms-error-noscript\">Bitte aktiviere JavaScript in deinem Browser, um dieses Formular fertigzustellen.<\/noscript><div id=\"wpforms-error-noscript\" style=\"display: none;\">Bitte aktiviere JavaScript in deinem Browser, um dieses Formular fertigzustellen.<\/div><div class=\"wpforms-field-container\"><div id=\"wpforms-366-field_1-container\" class=\"wpforms-field wpforms-field-name\" data-field-id=\"1\"><label class=\"wpforms-field-label\" for=\"wpforms-366-field_1\">Name <span class=\"wpforms-required-label\" aria-hidden=\"true\">*<\/span><\/label><input type=\"text\" id=\"wpforms-366-field_1\" class=\"wpforms-field-small wpforms-field-required\" name=\"wpforms[fields][1]\" aria-errormessage=\"wpforms-366-field_1-error\" required><\/div>\t\t<div id=\"wpforms-366-field_4-container\"\n\t\t\tclass=\"wpforms-field wpforms-field-text\"\n\t\t\tdata-field-type=\"text\"\n\t\t\tdata-field-id=\"4\"\n\t\t\t>\n\t\t\t<label class=\"wpforms-field-label\" for=\"wpforms-366-field_4\" >Comment Name or<\/label>\n\t\t\t<input type=\"text\" id=\"wpforms-366-field_4\" class=\"wpforms-field-medium\" name=\"wpforms[fields][4]\" >\n\t\t<\/div>\n\t\t<div id=\"wpforms-366-field_2-container\" class=\"wpforms-field wpforms-field-email\" data-field-id=\"2\"><label class=\"wpforms-field-label\" for=\"wpforms-366-field_2\">Email <span class=\"wpforms-required-label\" aria-hidden=\"true\">*<\/span><\/label><input type=\"email\" id=\"wpforms-366-field_2\" class=\"wpforms-field-medium wpforms-field-required\" name=\"wpforms[fields][2]\" spellcheck=\"false\" aria-errormessage=\"wpforms-366-field_2-error\" required><\/div><div id=\"wpforms-366-field_3-container\" class=\"wpforms-field wpforms-field-textarea\" data-field-id=\"3\"><label class=\"wpforms-field-label\" for=\"wpforms-366-field_3\">Comment or Message<\/label><textarea id=\"wpforms-366-field_3\" class=\"wpforms-field-medium\" name=\"wpforms[fields][3]\" aria-errormessage=\"wpforms-366-field_3-error\" ><\/textarea><\/div><script>\n\t\t\t\t( function() {\n\t\t\t\t\tconst style = document.createElement( 'style' );\n\t\t\t\t\tstyle.appendChild( document.createTextNode( '#wpforms-366-field_4-container { position: absolute !important; overflow: hidden !important; display: inline !important; height: 1px !important; width: 1px !important; z-index: -1000 !important; padding: 0 !important; } #wpforms-366-field_4-container input { visibility: hidden; } #wpforms-conversational-form-page #wpforms-366-field_4-container label { counter-increment: none; }' ) );\n\t\t\t\t\tdocument.head.appendChild( style );\n\t\t\t\t\tdocument.currentScript?.remove();\n\t\t\t\t} )();\n\t\t\t<\/script><\/div><!-- .wpforms-field-container --><div class=\"wpforms-submit-container\" ><input type=\"hidden\" name=\"wpforms[id]\" value=\"366\"><input type=\"hidden\" name=\"page_title\" value=\"\"><input type=\"hidden\" name=\"page_url\" value=\"https:\/\/grg-partners.com\/de\/wp-json\/wp\/v2\/pages\/5064\"><input type=\"hidden\" name=\"url_referer\" value=\"\"><button type=\"submit\" name=\"wpforms[submit]\" id=\"wpforms-submit-366\" class=\"wpforms-submit\" data-alt-text=\"Sending...\" data-submit-text=\"Submit\" aria-live=\"assertive\" value=\"wpforms-submit\">Submit<\/button><img decoding=\"async\" src=\"https:\/\/grg-partners.com\/wp-content\/plugins\/wpforms-lite\/assets\/images\/submit-spin.svg\" class=\"wpforms-submit-spinner\" style=\"display: none;\" width=\"26\" height=\"26\" alt=\"Wird geladen\"><\/div><\/form><\/div>  <!-- .wpforms-container --><\/div>\n\t\t\t\t\t\t<\/div>\n\t\t\t\t<\/div>\n\t\t\t\t\t<\/div>\n\t\t\t\t<\/div>\n\t\t\t\t<\/div>\n\t\t","protected":false},"excerpt":{"rendered":"<p>Kontakt Lassen Sie uns gemeinsam Werte schaffen. Ob Sie als Investor nach strategischen Chancen suchen, als Grundst\u00fcckseigent\u00fcmer Entwicklungspotenzial pr\u00fcfen oder als Nutzer ma\u00dfgeschneiderte Logistikl\u00f6sungen ben\u00f6tigen \u2013 GRG ist Ihr Partner f\u00fcr Leistung und nachhaltige Wertsch\u00f6pfung. Mit Erfahrung, Pr\u00e4zision und Vertrauen realisieren wir Logistikprojekte, die einen echten Unterschied machen. Kontaktieren Sie uns \u2013 und erfahren Sie, [&hellip;]<\/p>\n","protected":false},"author":1,"featured_media":0,"parent":0,"menu_order":0,"comment_status":"closed","ping_status":"closed","template":"elementor_header_footer","meta":{"_eb_attr":"","footnotes":""},"class_list":["post-5064","page","type-page","status-publish","hentry"],"_links":{"self":[{"href":"https:\/\/grg-partners.com\/de\/wp-json\/wp\/v2\/pages\/5064","targetHints":{"allow":["GET"]}}],"collection":[{"href":"https:\/\/grg-partners.com\/de\/wp-json\/wp\/v2\/pages"}],"about":[{"href":"https:\/\/grg-partners.com\/de\/wp-json\/wp\/v2\/types\/page"}],"author":[{"embeddable":true,"href":"https:\/\/grg-partners.com\/de\/wp-json\/wp\/v2\/users\/1"}],"replies":[{"embeddable":true,"href":"https:\/\/grg-partners.com\/de\/wp-json\/wp\/v2\/comments?post=5064"}],"version-history":[{"count":12,"href":"https:\/\/grg-partners.com\/de\/wp-json\/wp\/v2\/pages\/5064\/revisions"}],"predecessor-version":[{"id":6335,"href":"https:\/\/grg-partners.com\/de\/wp-json\/wp\/v2\/pages\/5064\/revisions\/6335"}],"wp:attachment":[{"href":"https:\/\/grg-partners.com\/de\/wp-json\/wp\/v2\/media?parent=5064"}],"curies":[{"name":"wp","href":"https:\/\/api.w.org\/{rel}","templated":true}]}}