{"id":5071,"date":"2025-07-12T13:02:16","date_gmt":"2025-07-12T11:02:16","guid":{"rendered":"https:\/\/grg-partners.com\/ueber-uns\/"},"modified":"2025-10-26T09:51:25","modified_gmt":"2025-10-26T08:51:25","slug":"ueber-uns","status":"publish","type":"page","link":"https:\/\/grg-partners.com\/de\/ueber-uns\/","title":{"rendered":"\u00dcber uns"},"content":{"rendered":"\t\t<div data-elementor-type=\"wp-page\" data-elementor-id=\"5071\" class=\"elementor elementor-5071 elementor-25\">\n\t\t\t\t<div class=\"elementor-element elementor-element-4758106 e-con-full e-flex e-con e-parent\" data-id=\"4758106\" data-element_type=\"container\">\n\t\t<div class=\"elementor-element elementor-element-b978577 e-con-full grg-hero-background e-flex e-con e-child\" data-id=\"b978577\" data-element_type=\"container\">\n\t\t\t\t<div class=\"elementor-element elementor-element-b64b01f elementor-widget__width-auto elementor-widget elementor-widget-html\" data-id=\"b64b01f\" data-element_type=\"widget\" data-widget_type=\"html.default\">\n\t\t\t\t\t<div class=\"grg-bg-emblems\">\n  <div class=\"grg-bg-emblem\"><\/div>\n  <div class=\"grg-bg-emblem\"><\/div>\n  <div class=\"grg-bg-emblem\"><\/div>\n  <div class=\"grg-bg-emblem\"><\/div>\n  <div class=\"grg-bg-emblem\"><\/div>\n  <div class=\"grg-bg-emblem\"><\/div>\n<\/div>\t\t\t\t<\/div>\n\t\t\t\t<div class=\"elementor-element elementor-element-bc6515c grg-elegant-accordion elementor-widget elementor-widget-n-accordion\" data-id=\"bc6515c\" data-element_type=\"widget\" data-settings=\"{&quot;default_state&quot;:&quot;expanded&quot;,&quot;max_items_expended&quot;:&quot;one&quot;,&quot;n_accordion_animation_duration&quot;:{&quot;unit&quot;:&quot;ms&quot;,&quot;size&quot;:400,&quot;sizes&quot;:[]}}\" data-widget_type=\"nested-accordion.default\">\n\t\t\t\t\t\t\t<div class=\"e-n-accordion\" aria-label=\"Accordion. Open links with Enter or Space, close with Escape, and navigate with Arrow Keys\">\n\t\t\t\t\t\t<details id=\"e-n-accordion-item-1970\" class=\"e-n-accordion-item\" open>\n\t\t\t\t<summary class=\"e-n-accordion-item-title\" data-accordion-index=\"1\" tabindex=\"0\" aria-expanded=\"true\" aria-controls=\"e-n-accordion-item-1970\" >\n\t\t\t\t\t<span class='e-n-accordion-item-title-header'><div class=\"e-n-accordion-item-title-text\"> \u00dcber uns <\/div><\/span>\n\t\t\t\t\t\t\t\t\t<\/summary>\n\t\t\t\t<div role=\"region\" aria-labelledby=\"e-n-accordion-item-1970\" class=\"elementor-element elementor-element-0650997 e-con-full e-flex e-con e-child\" data-id=\"0650997\" data-element_type=\"container\">\n\t\t<div role=\"region\" aria-labelledby=\"e-n-accordion-item-1970\" class=\"elementor-element elementor-element-6d93179 e-flex e-con-boxed e-con e-child\" data-id=\"6d93179\" data-element_type=\"container\">\n\t\t\t\t\t<div class=\"e-con-inner\">\n\t\t\t\t<div class=\"elementor-element elementor-element-25db0c1 elementor-widget elementor-widget-text-editor\" data-id=\"25db0c1\" data-element_type=\"widget\" data-widget_type=\"text-editor.default\">\n\t\t\t\t\t\t\t\t\t<p><strong data-start=\"630\" data-end=\"637\">GRG<\/strong> wurde mit dem Anspruch gegr\u00fcndet, neue Ma\u00dfst\u00e4be in der Logistik- und Industrieimmobilienbranche zu setzen.<\/p><p>Mit \u00fcber 20 Jahren institutioneller Erfahrung verbindet unser Team strategische Weitsicht mit operativer Umsetzungskompetenz, um f\u00fcr Investoren, Nutzer und Gemeinden nachhaltige Werte zu schaffen.<\/p><p>Was uns auszeichnet, ist unser selektiver Ansatz, unser kompromissloses Qualit\u00e4tsverst\u00e4ndnis und unser Fokus auf langfristige Ergebnisse.<\/p><p>Wir erkennen Chancen, die andere \u00fcbersehen \u2013 und entwickeln Projekte, die neue Ma\u00dfst\u00e4be in Nachhaltigkeit, Innovation und operativer Exzellenz setzen.<\/p>\t\t\t\t\t\t\t\t<\/div>\n\t\t\t\t<div class=\"elementor-element elementor-element-352f7f6 elementor-widget elementor-widget-video\" data-id=\"352f7f6\" data-element_type=\"widget\" data-settings=\"{&quot;video_type&quot;:&quot;hosted&quot;,&quot;start&quot;:0,&quot;end&quot;:0,&quot;autoplay&quot;:&quot;yes&quot;,&quot;play_on_mobile&quot;:&quot;yes&quot;,&quot;mute&quot;:&quot;yes&quot;,&quot;loop&quot;:&quot;yes&quot;,&quot;controls&quot;:&quot;yes&quot;}\" data-widget_type=\"video.default\">\n\t\t\t\t\t\t\t<div class=\"e-hosted-video elementor-wrapper elementor-open-inline\">\n\t\t\t\t\t<video class=\"elementor-video\" src=\"https:\/\/grg-partners.com\/wp-content\/uploads\/2025\/10\/GRG-Partners_Video_1080p.mp4\" autoplay=\"\" loop=\"\" controls=\"\" muted=\"muted\" playsinline=\"\" controlsList=\"nodownload\" poster=\"https:\/\/grg-partners.com\/wp-content\/uploads\/2025\/10\/GRG_PROPERTIES_02-scaled.jpg\"><\/video>\n\t\t\t\t<\/div>\n\t\t\t\t\t\t<\/div>\n\t\t\t\t\t<\/div>\n\t\t\t\t<\/div>\n\t\t\t\t<\/div>\n\t\t\t\t\t<\/details>\n\t\t\t\t\t<\/div>\n\t\t\t\t\t\t<\/div>\n\t\t\t\t<div class=\"elementor-element elementor-element-ea999a8 grg-elegant-accordion elementor-widget elementor-widget-n-accordion\" data-id=\"ea999a8\" data-element_type=\"widget\" data-settings=\"{&quot;default_state&quot;:&quot;expanded&quot;,&quot;max_items_expended&quot;:&quot;one&quot;,&quot;n_accordion_animation_duration&quot;:{&quot;unit&quot;:&quot;ms&quot;,&quot;size&quot;:400,&quot;sizes&quot;:[]}}\" data-widget_type=\"nested-accordion.default\">\n\t\t\t\t\t\t\t<div class=\"e-n-accordion\" aria-label=\"Accordion. Open links with Enter or Space, close with Escape, and navigate with Arrow Keys\">\n\t\t\t\t\t\t<details id=\"e-n-accordion-item-2450\" class=\"e-n-accordion-item\" open>\n\t\t\t\t<summary class=\"e-n-accordion-item-title\" data-accordion-index=\"1\" tabindex=\"0\" aria-expanded=\"true\" aria-controls=\"e-n-accordion-item-2450\" >\n\t\t\t\t\t<span class='e-n-accordion-item-title-header'><div class=\"e-n-accordion-item-title-text\"> Kernwerte <\/div><\/span>\n\t\t\t\t\t\t\t\t\t<\/summary>\n\t\t\t\t<div role=\"region\" aria-labelledby=\"e-n-accordion-item-2450\" class=\"elementor-element elementor-element-888065c e-con-full e-flex e-con e-child\" data-id=\"888065c\" data-element_type=\"container\">\n\t\t<div role=\"region\" aria-labelledby=\"e-n-accordion-item-2450\" class=\"elementor-element elementor-element-e1e05c0 e-flex e-con-boxed e-con e-child\" data-id=\"e1e05c0\" data-element_type=\"container\">\n\t\t\t\t\t<div class=\"e-con-inner\">\n\t\t\t\t<div class=\"elementor-element elementor-element-73f45dc elementor-widget elementor-widget-text-editor\" data-id=\"73f45dc\" data-element_type=\"widget\" data-widget_type=\"text-editor.default\">\n\t\t\t\t\t\t\t\t\t<p><strong data-start=\"1942\" data-end=\"1955\">Integrit\u00e4t<\/strong> \u2013 Wir handeln mit Transparenz, Verantwortungsbewusstsein und h\u00f6chsten ethischen Standards.<br data-start=\"2034\" data-end=\"2037\"><strong data-start=\"2037\" data-end=\"2051\">Exzellenz<\/strong> \u2013 Ein unerm\u00fcdliches Streben nach Qualit\u00e4t, Pr\u00e4zision und kontinuierlicher Verbesserung in allem, was wir tun.<br data-start=\"2148\" data-end=\"2151\"><strong data-start=\"2151\" data-end=\"2165\">Innovation<\/strong> \u2013 Wir nutzen Technologie und kreatives Denken, um zukunftsorientierte L\u00f6sungen zu schaffen.<br data-start=\"2245\" data-end=\"2248\"><strong data-start=\"2248\" data-end=\"2266\">Verantwortung<\/strong> \u2013 ESG und Umweltbewusstsein pr\u00e4gen jede unserer Entscheidungen.<br data-start=\"2330\" data-end=\"2333\"><strong data-start=\"2333\" data-end=\"2350\">Partnerschaft<\/strong> \u2013 Zusammenarbeit auf Basis von Vertrauen, Zielgleichheit und nachhaltigem Erfolg.<\/p>\t\t\t\t\t\t\t\t<\/div>\n\t\t\t\t\t<\/div>\n\t\t\t\t<\/div>\n\t\t\t\t<\/div>\n\t\t\t\t\t<\/details>\n\t\t\t\t\t<\/div>\n\t\t\t\t\t\t<\/div>\n\t\t\t\t<div class=\"elementor-element elementor-element-6e777a2 grg-elegant-accordion elementor-widget elementor-widget-n-accordion\" data-id=\"6e777a2\" data-element_type=\"widget\" data-settings=\"{&quot;default_state&quot;:&quot;expanded&quot;,&quot;max_items_expended&quot;:&quot;one&quot;,&quot;n_accordion_animation_duration&quot;:{&quot;unit&quot;:&quot;ms&quot;,&quot;size&quot;:400,&quot;sizes&quot;:[]}}\" data-widget_type=\"nested-accordion.default\">\n\t\t\t\t\t\t\t<div class=\"e-n-accordion\" aria-label=\"Accordion. Open links with Enter or Space, close with Escape, and navigate with Arrow Keys\">\n\t\t\t\t\t\t<details id=\"e-n-accordion-item-1150\" class=\"e-n-accordion-item\" open>\n\t\t\t\t<summary class=\"e-n-accordion-item-title\" data-accordion-index=\"1\" tabindex=\"0\" aria-expanded=\"true\" aria-controls=\"e-n-accordion-item-1150\" >\n\t\t\t\t\t<span class='e-n-accordion-item-title-header'><div class=\"e-n-accordion-item-title-text\"> Unser Unternehmen <\/div><\/span>\n\t\t\t\t\t\t\t\t\t<\/summary>\n\t\t\t\t<div role=\"region\" aria-labelledby=\"e-n-accordion-item-1150\" class=\"elementor-element elementor-element-2908534 e-con-full e-flex e-con e-child\" data-id=\"2908534\" data-element_type=\"container\">\n\t\t<div role=\"region\" aria-labelledby=\"e-n-accordion-item-1150\" class=\"elementor-element elementor-element-cb4a34f e-flex e-con-boxed e-con e-child\" data-id=\"cb4a34f\" data-element_type=\"container\">\n\t\t\t\t\t<div class=\"e-con-inner\">\n\t\t\t\t<div class=\"elementor-element elementor-element-73482e1 elementor-widget elementor-widget-text-editor\" data-id=\"73482e1\" data-element_type=\"widget\" data-widget_type=\"text-editor.default\">\n\t\t\t\t\t\t\t\t\t<p>F\u00fcr <strong data-start=\"3066\" data-end=\"3073\">GRG<\/strong> ist Logistikimmobilienentwicklung mehr als nur das Bauen von Geb\u00e4uden \u2013 sie bildet das R\u00fcckgrat widerstandsf\u00e4higer Lieferketten, lebendiger Wirtschaftsr\u00e4ume und langfristiger Wertsch\u00f6pfung.<\/p><p>Wir betrachten jedes Projekt ganzheitlich und steuern alle Phasen \u2013 von der Grundst\u00fccksakquise und Entwicklung bis hin zum Asset- und Portfoliomanagement \u2013 mit unternehmerischer Agilit\u00e4t und institutioneller Disziplin.<\/p><p>Unser Ansatz stellt sicher, dass jedes Objekt operativ \u00fcberzeugt, das Wachstum unserer Kunden unterst\u00fctzt und seinen Wert langfristig bewahrt.<\/p><p><a class=\"about-cta-link\" href=\"https:\/\/grg-partners.com\/de\/ueber-uns\/unser-unternehmen\/\"><em>Erfahren Sie mehr \u2192<\/em><\/a><\/p>\t\t\t\t\t\t\t\t<\/div>\n\t\t\t\t\t<\/div>\n\t\t\t\t<\/div>\n\t\t\t\t<\/div>\n\t\t\t\t\t<\/details>\n\t\t\t\t\t<\/div>\n\t\t\t\t\t\t<\/div>\n\t\t\t\t<\/div>\n\t\t\t\t<\/div>\n\t\t\t\t<\/div>\n\t\t","protected":false},"excerpt":{"rendered":"<p>\u00dcber uns GRG wurde mit dem Anspruch gegr\u00fcndet, neue Ma\u00dfst\u00e4be in der Logistik- und Industrieimmobilienbranche zu setzen. Mit \u00fcber 20 Jahren institutioneller Erfahrung verbindet unser Team strategische Weitsicht mit operativer Umsetzungskompetenz, um f\u00fcr Investoren, Nutzer und Gemeinden nachhaltige Werte zu schaffen. Was uns auszeichnet, ist unser selektiver Ansatz, unser kompromissloses Qualit\u00e4tsverst\u00e4ndnis und unser Fokus auf [&hellip;]<\/p>\n","protected":false},"author":1,"featured_media":0,"parent":0,"menu_order":0,"comment_status":"closed","ping_status":"closed","template":"elementor_header_footer","meta":{"_eb_attr":"","footnotes":""},"class_list":["post-5071","page","type-page","status-publish","hentry"],"_links":{"self":[{"href":"https:\/\/grg-partners.com\/de\/wp-json\/wp\/v2\/pages\/5071","targetHints":{"allow":["GET"]}}],"collection":[{"href":"https:\/\/grg-partners.com\/de\/wp-json\/wp\/v2\/pages"}],"about":[{"href":"https:\/\/grg-partners.com\/de\/wp-json\/wp\/v2\/types\/page"}],"author":[{"embeddable":true,"href":"https:\/\/grg-partners.com\/de\/wp-json\/wp\/v2\/users\/1"}],"replies":[{"embeddable":true,"href":"https:\/\/grg-partners.com\/de\/wp-json\/wp\/v2\/comments?post=5071"}],"version-history":[{"count":11,"href":"https:\/\/grg-partners.com\/de\/wp-json\/wp\/v2\/pages\/5071\/revisions"}],"predecessor-version":[{"id":6327,"href":"https:\/\/grg-partners.com\/de\/wp-json\/wp\/v2\/pages\/5071\/revisions\/6327"}],"wp:attachment":[{"href":"https:\/\/grg-partners.com\/de\/wp-json\/wp\/v2\/media?parent=5071"}],"curies":[{"name":"wp","href":"https:\/\/api.w.org\/{rel}","templated":true}]}}