{"id":5074,"date":"2025-07-14T19:56:08","date_gmt":"2025-07-14T17:56:08","guid":{"rendered":"https:\/\/grg-partners.com\/ueber-uns\/karriere\/"},"modified":"2025-10-26T09:51:58","modified_gmt":"2025-10-26T08:51:58","slug":"karriere","status":"publish","type":"page","link":"https:\/\/grg-partners.com\/de\/ueber-uns\/karriere\/","title":{"rendered":"Karriere"},"content":{"rendered":"\t\t<div data-elementor-type=\"wp-page\" data-elementor-id=\"5074\" class=\"elementor elementor-5074 elementor-254\">\n\t\t\t\t<div class=\"elementor-element elementor-element-959bae8 e-flex e-con-boxed e-con e-parent\" data-id=\"959bae8\" data-element_type=\"container\">\n\t\t\t\t\t<div class=\"e-con-inner\">\n\t\t<div class=\"elementor-element elementor-element-f938fd7 e-con-full grg-hero-background e-flex e-con e-child\" data-id=\"f938fd7\" data-element_type=\"container\">\n\t\t\t\t<div class=\"elementor-element elementor-element-13d290b grg-elegant-accordion elementor-widget elementor-widget-n-accordion\" data-id=\"13d290b\" data-element_type=\"widget\" data-settings=\"{&quot;default_state&quot;:&quot;expanded&quot;,&quot;max_items_expended&quot;:&quot;one&quot;,&quot;n_accordion_animation_duration&quot;:{&quot;unit&quot;:&quot;ms&quot;,&quot;size&quot;:400,&quot;sizes&quot;:[]}}\" data-widget_type=\"nested-accordion.default\">\n\t\t\t\t\t\t\t<div class=\"e-n-accordion\" aria-label=\"Accordion. Open links with Enter or Space, close with Escape, and navigate with Arrow Keys\">\n\t\t\t\t\t\t<details id=\"e-n-accordion-item-2070\" class=\"e-n-accordion-item\" open>\n\t\t\t\t<summary class=\"e-n-accordion-item-title\" data-accordion-index=\"1\" tabindex=\"0\" aria-expanded=\"true\" aria-controls=\"e-n-accordion-item-2070\" >\n\t\t\t\t\t<span class='e-n-accordion-item-title-header'><div class=\"e-n-accordion-item-title-text\"> Karriere bei GRG Partners <\/div><\/span>\n\t\t\t\t\t\t\t\t\t<\/summary>\n\t\t\t\t<div role=\"region\" aria-labelledby=\"e-n-accordion-item-2070\" class=\"elementor-element elementor-element-ff8d8d6 e-con-full e-flex e-con e-child\" data-id=\"ff8d8d6\" data-element_type=\"container\">\n\t\t<div role=\"region\" aria-labelledby=\"e-n-accordion-item-2070\" class=\"elementor-element elementor-element-94aa610 e-flex e-con-boxed e-con e-child\" data-id=\"94aa610\" data-element_type=\"container\">\n\t\t\t\t\t<div class=\"e-con-inner\">\n\t\t\t\t<div class=\"elementor-element elementor-element-36a0f9c elementor-widget elementor-widget-text-editor\" data-id=\"36a0f9c\" data-element_type=\"widget\" data-widget_type=\"text-editor.default\">\n\t\t\t\t\t\t\t\t\t<p data-start=\"423\" data-end=\"457\"><strong data-start=\"423\" data-end=\"455\">Wo Engagement auf Zielsetzung trifft<\/strong><\/p><p data-start=\"464\" data-end=\"671\">Bei<strong data-start=\"467\" data-end=\"474\"> GRG<\/strong> sind wir \u00fcberzeugt, dass unsere Mitarbeitenden der Schl\u00fcssel zu unserem Erfolg sind.<br data-start=\"521\" data-end=\"524\">Wir f\u00f6rdern eine offene und inspirierende Unternehmenskultur, in der Eigeninitiative gesch\u00e4tzt, Ideen respektiert und pers\u00f6nliche Weiterentwicklung aktiv unterst\u00fctzt werden.<\/p><p data-start=\"678\" data-end=\"826\">Ganz gleich, ob Sie bereits erfahrener Experte sind oder am Beginn Ihrer Laufbahn stehen \u2013 bei uns finden Sie die M\u00f6glichkeit, einen echten Unterschied zu machen und etwas zu bewegen.<\/p><p data-start=\"833\" data-end=\"1075\">Wir suchen Pers\u00f6nlichkeiten, die unsere Werte teilen und die Zukunft der Logistikimmobilien mitgestalten m\u00f6chten.<br data-start=\"942\" data-end=\"945\">Wenn Sie bereit sind, zu lernen, Verantwortung zu \u00fcbernehmen und zu wachsen \u2013 in einem partnerschaftlichen und werteorientierten Umfeld \u2013, freuen wir uns, von Ihnen zu h\u00f6ren.<\/p>\t\t\t\t\t\t\t\t<\/div>\n\t\t\t\t\t<\/div>\n\t\t\t\t<\/div>\n\t\t\t\t<div class=\"elementor-element elementor-element-7b41b60 elementor-widget elementor-widget-image\" data-id=\"7b41b60\" data-element_type=\"widget\" data-widget_type=\"image.default\">\n\t\t\t\t\t\t\t\t\t\t\t\t\t\t\t<img fetchpriority=\"high\" decoding=\"async\" width=\"1024\" height=\"576\" src=\"https:\/\/grg-partners.com\/wp-content\/uploads\/2025\/10\/GRG_PROPERTIES_05-1024x576.jpg\" class=\"attachment-large size-large wp-image-5866\" alt=\"\" srcset=\"https:\/\/grg-partners.com\/wp-content\/uploads\/2025\/10\/GRG_PROPERTIES_05-1024x576.jpg 1024w, https:\/\/grg-partners.com\/wp-content\/uploads\/2025\/10\/GRG_PROPERTIES_05-300x169.jpg 300w, https:\/\/grg-partners.com\/wp-content\/uploads\/2025\/10\/GRG_PROPERTIES_05-768x432.jpg 768w, https:\/\/grg-partners.com\/wp-content\/uploads\/2025\/10\/GRG_PROPERTIES_05-1536x864.jpg 1536w, https:\/\/grg-partners.com\/wp-content\/uploads\/2025\/10\/GRG_PROPERTIES_05-2048x1152.jpg 2048w\" sizes=\"(max-width: 1024px) 100vw, 1024px\" \/>\t\t\t\t\t\t\t\t\t\t\t\t\t\t\t<\/div>\n\t\t\t\t<div class=\"elementor-element elementor-element-3579a6a elementor-widget__width-initial elementor-widget elementor-widget-html\" data-id=\"3579a6a\" data-element_type=\"widget\" data-widget_type=\"html.default\">\n\t\t\t\t\t<div style=\"text-align: center; margin-top: 1.4em;\">\n  <div style=\"font-size: 1.02em; font-weight: 500; margin-bottom: 0.7em;\">Wir sind stets offen f\u00fcr au\u00dfergew\u00f6hnliche Talente.<\/div>\n  <div style=\"font-size: 0.9em; color: #888;\">\n  Um Ihr Interesse zu bekunden, wenden Sie sich bitte an:<br> <a href=\"mailto:office@grg-partners.com\" style=\"color:inherit; text-decoration:underline;\">office@grg-partners.com<\/a>\n  <\/div>\n<\/div>\n\t\t\t\t<\/div>\n\t\t\t\t<\/div>\n\t\t\t\t\t<\/details>\n\t\t\t\t\t<\/div>\n\t\t\t\t\t\t<\/div>\n\t\t\t\t<\/div>\n\t\t\t\t\t<\/div>\n\t\t\t\t<\/div>\n\t\t\t\t<\/div>\n\t\t","protected":false},"excerpt":{"rendered":"<p>Karriere bei GRG Partners Wo Engagement auf Zielsetzung trifft Bei GRG sind wir \u00fcberzeugt, dass unsere Mitarbeitenden der Schl\u00fcssel zu unserem Erfolg sind.Wir f\u00f6rdern eine offene und inspirierende Unternehmenskultur, in der Eigeninitiative gesch\u00e4tzt, Ideen respektiert und pers\u00f6nliche Weiterentwicklung aktiv unterst\u00fctzt werden. Ganz gleich, ob Sie bereits erfahrener Experte sind oder am Beginn Ihrer Laufbahn stehen [&hellip;]<\/p>\n","protected":false},"author":1,"featured_media":0,"parent":5071,"menu_order":0,"comment_status":"closed","ping_status":"closed","template":"elementor_header_footer","meta":{"_eb_attr":"","footnotes":""},"class_list":["post-5074","page","type-page","status-publish","hentry"],"_links":{"self":[{"href":"https:\/\/grg-partners.com\/de\/wp-json\/wp\/v2\/pages\/5074","targetHints":{"allow":["GET"]}}],"collection":[{"href":"https:\/\/grg-partners.com\/de\/wp-json\/wp\/v2\/pages"}],"about":[{"href":"https:\/\/grg-partners.com\/de\/wp-json\/wp\/v2\/types\/page"}],"author":[{"embeddable":true,"href":"https:\/\/grg-partners.com\/de\/wp-json\/wp\/v2\/users\/1"}],"replies":[{"embeddable":true,"href":"https:\/\/grg-partners.com\/de\/wp-json\/wp\/v2\/comments?post=5074"}],"version-history":[{"count":17,"href":"https:\/\/grg-partners.com\/de\/wp-json\/wp\/v2\/pages\/5074\/revisions"}],"predecessor-version":[{"id":6329,"href":"https:\/\/grg-partners.com\/de\/wp-json\/wp\/v2\/pages\/5074\/revisions\/6329"}],"up":[{"embeddable":true,"href":"https:\/\/grg-partners.com\/de\/wp-json\/wp\/v2\/pages\/5071"}],"wp:attachment":[{"href":"https:\/\/grg-partners.com\/de\/wp-json\/wp\/v2\/media?parent=5074"}],"curies":[{"name":"wp","href":"https:\/\/api.w.org\/{rel}","templated":true}]}}