{"id":5076,"date":"2025-07-12T13:04:04","date_gmt":"2025-07-12T11:04:04","guid":{"rendered":"https:\/\/grg-partners.com\/ueber-uns\/unser-unternehmen\/"},"modified":"2025-10-26T09:54:07","modified_gmt":"2025-10-26T08:54:07","slug":"unser-unternehmen","status":"publish","type":"page","link":"https:\/\/grg-partners.com\/de\/ueber-uns\/unser-unternehmen\/","title":{"rendered":"Unser Unternehmen"},"content":{"rendered":"\t\t<div data-elementor-type=\"wp-page\" data-elementor-id=\"5076\" class=\"elementor elementor-5076 elementor-23\">\n\t\t\t\t<div class=\"elementor-element elementor-element-3d010b2 e-con-full e-flex e-con e-parent\" data-id=\"3d010b2\" data-element_type=\"container\">\n\t\t<div class=\"elementor-element elementor-element-21b2d2f e-con-full grg-hero-background e-flex e-con e-child\" data-id=\"21b2d2f\" data-element_type=\"container\">\n\t\t\t\t<div class=\"elementor-element elementor-element-da6d3d0 elementor-widget__width-auto elementor-widget elementor-widget-html\" data-id=\"da6d3d0\" data-element_type=\"widget\" data-widget_type=\"html.default\">\n\t\t\t\t\t<div class=\"grg-bg-emblems\">\n  <div class=\"grg-bg-emblem\"><\/div>\n  <div class=\"grg-bg-emblem\"><\/div>\n  <div class=\"grg-bg-emblem\"><\/div>\n  <div class=\"grg-bg-emblem\"><\/div>\n  <div class=\"grg-bg-emblem\"><\/div>\n  <div class=\"grg-bg-emblem\"><\/div>\n<\/div>\t\t\t\t<\/div>\n\t\t\t\t<div class=\"elementor-element elementor-element-2f3c028 grg-elegant-accordion elementor-widget elementor-widget-n-accordion\" data-id=\"2f3c028\" data-element_type=\"widget\" data-settings=\"{&quot;default_state&quot;:&quot;expanded&quot;,&quot;max_items_expended&quot;:&quot;one&quot;,&quot;n_accordion_animation_duration&quot;:{&quot;unit&quot;:&quot;ms&quot;,&quot;size&quot;:400,&quot;sizes&quot;:[]}}\" data-widget_type=\"nested-accordion.default\">\n\t\t\t\t\t\t\t<div class=\"e-n-accordion\" aria-label=\"Accordion. Open links with Enter or Space, close with Escape, and navigate with Arrow Keys\">\n\t\t\t\t\t\t<details id=\"e-n-accordion-item-4950\" class=\"e-n-accordion-item\" open>\n\t\t\t\t<summary class=\"e-n-accordion-item-title\" data-accordion-index=\"1\" tabindex=\"0\" aria-expanded=\"true\" aria-controls=\"e-n-accordion-item-4950\" >\n\t\t\t\t\t<span class='e-n-accordion-item-title-header'><div class=\"e-n-accordion-item-title-text\"> GRG im \u00dcberblick <\/div><\/span>\n\t\t\t\t\t\t\t\t\t<\/summary>\n\t\t\t\t<div role=\"region\" aria-labelledby=\"e-n-accordion-item-4950\" class=\"elementor-element elementor-element-50f46dc e-con-full e-flex e-con e-child\" data-id=\"50f46dc\" data-element_type=\"container\">\n\t\t<div role=\"region\" aria-labelledby=\"e-n-accordion-item-4950\" class=\"elementor-element elementor-element-52b3183 e-flex e-con-boxed e-con e-child\" data-id=\"52b3183\" data-element_type=\"container\">\n\t\t\t\t\t<div class=\"e-con-inner\">\n\t\t\t\t<div class=\"elementor-element elementor-element-0eaf355 elementor-widget elementor-widget-text-editor\" data-id=\"0eaf355\" data-element_type=\"widget\" data-widget_type=\"text-editor.default\">\n\t\t\t\t\t\t\t\t\t<p><strong data-start=\"654\" data-end=\"661\">GRG<\/strong> setzt neue Ma\u00dfst\u00e4be in der Logistik- und Industrieimmobilienbranche.<\/p><p>Durch die Verbindung institutioneller Erfahrung mit unternehmerischem Antrieb schaffen wir zukunftsorientierte Immobilien, die Investoren, Nutzern und Gemeinden in ganz Europa echten Mehrwert bieten.<\/p><p>Unsere Philosophie basiert auf Integrit\u00e4t, Innovation und einem konsequenten Bekenntnis zu nachhaltiger Wertsch\u00f6pfung.<\/p>\t\t\t\t\t\t\t\t<\/div>\n\t\t\t\t\t<\/div>\n\t\t\t\t<\/div>\n\t\t\t\t<div class=\"elementor-element elementor-element-86ba44b elementor-widget elementor-widget-video\" data-id=\"86ba44b\" data-element_type=\"widget\" data-settings=\"{&quot;video_type&quot;:&quot;hosted&quot;,&quot;start&quot;:0,&quot;end&quot;:0,&quot;autoplay&quot;:&quot;yes&quot;,&quot;play_on_mobile&quot;:&quot;yes&quot;,&quot;mute&quot;:&quot;yes&quot;,&quot;loop&quot;:&quot;yes&quot;,&quot;controls&quot;:&quot;yes&quot;}\" data-widget_type=\"video.default\">\n\t\t\t\t\t\t\t<div class=\"e-hosted-video elementor-wrapper elementor-open-inline\">\n\t\t\t\t\t<video class=\"elementor-video\" src=\"https:\/\/grg-partners.com\/wp-content\/uploads\/2025\/10\/GRG-Partners_Video_1080p.mp4\" autoplay=\"\" loop=\"\" controls=\"\" muted=\"muted\" playsinline=\"\" controlsList=\"nodownload\" poster=\"https:\/\/grg-partners.com\/wp-content\/uploads\/2025\/10\/GRG_PROPERTIES_02-scaled.jpg\"><\/video>\n\t\t\t\t<\/div>\n\t\t\t\t\t\t<\/div>\n\t\t\t\t<\/div>\n\t\t\t\t\t<\/details>\n\t\t\t\t\t<\/div>\n\t\t\t\t\t\t<\/div>\n\t\t\t\t<div class=\"elementor-element elementor-element-50ab04a grg-elegant-accordion elementor-widget elementor-widget-n-accordion\" data-id=\"50ab04a\" data-element_type=\"widget\" data-settings=\"{&quot;default_state&quot;:&quot;expanded&quot;,&quot;max_items_expended&quot;:&quot;one&quot;,&quot;n_accordion_animation_duration&quot;:{&quot;unit&quot;:&quot;ms&quot;,&quot;size&quot;:400,&quot;sizes&quot;:[]}}\" data-widget_type=\"nested-accordion.default\">\n\t\t\t\t\t\t\t<div class=\"e-n-accordion\" aria-label=\"Accordion. Open links with Enter or Space, close with Escape, and navigate with Arrow Keys\">\n\t\t\t\t\t\t<details id=\"e-n-accordion-item-8450\" class=\"e-n-accordion-item\" open>\n\t\t\t\t<summary class=\"e-n-accordion-item-title\" data-accordion-index=\"1\" tabindex=\"0\" aria-expanded=\"true\" aria-controls=\"e-n-accordion-item-8450\" >\n\t\t\t\t\t<span class='e-n-accordion-item-title-header'><div class=\"e-n-accordion-item-title-text\"> Unsere Geschichte <\/div><\/span>\n\t\t\t\t\t\t\t<span class='e-n-accordion-item-title-icon'>\n\t\t\t<span class='e-opened' ><svg aria-hidden=\"true\" class=\"e-font-icon-svg e-fas-minus\" viewBox=\"0 0 448 512\" xmlns=\"http:\/\/www.w3.org\/2000\/svg\"><path d=\"M416 208H32c-17.67 0-32 14.33-32 32v32c0 17.67 14.33 32 32 32h384c17.67 0 32-14.33 32-32v-32c0-17.67-14.33-32-32-32z\"><\/path><\/svg><\/span>\n\t\t\t<span class='e-closed'><svg aria-hidden=\"true\" class=\"e-font-icon-svg e-fas-plus\" viewBox=\"0 0 448 512\" xmlns=\"http:\/\/www.w3.org\/2000\/svg\"><path d=\"M416 208H272V64c0-17.67-14.33-32-32-32h-32c-17.67 0-32 14.33-32 32v144H32c-17.67 0-32 14.33-32 32v32c0 17.67 14.33 32 32 32h144v144c0 17.67 14.33 32 32 32h32c17.67 0 32-14.33 32-32V304h144c17.67 0 32-14.33 32-32v-32c0-17.67-14.33-32-32-32z\"><\/path><\/svg><\/span>\n\t\t<\/span>\n\n\t\t\t\t\t\t<\/summary>\n\t\t\t\t<div role=\"region\" aria-labelledby=\"e-n-accordion-item-8450\" class=\"elementor-element elementor-element-83f24c3 e-con-full e-flex e-con e-child\" data-id=\"83f24c3\" data-element_type=\"container\">\n\t\t<div role=\"region\" aria-labelledby=\"e-n-accordion-item-8450\" class=\"elementor-element elementor-element-e6c1c47 e-flex e-con-boxed e-con e-child\" data-id=\"e6c1c47\" data-element_type=\"container\">\n\t\t\t\t\t<div class=\"e-con-inner\">\n\t\t\t\t<div class=\"elementor-element elementor-element-8974cb9 elementor-widget elementor-widget-text-editor\" data-id=\"8974cb9\" data-element_type=\"widget\" data-widget_type=\"text-editor.default\">\n\t\t\t\t\t\t\t\t\t<p><strong data-start=\"1516\" data-end=\"1523\">GRG<\/strong> wurde mit dem Ziel gegr\u00fcndet, neue Standards in der europ\u00e4ischen Logistik- und Industrieimmobilienbranche zu setzen.<\/p><p>Gest\u00fctzt auf fundierte Branchenerfahrung und einen langj\u00e4hrigen Track Record verbinden wir institutionelle Disziplin mit unternehmerischer Agilit\u00e4t \u2013 und realisieren Projekte, die durch Qualit\u00e4t, Innovation und Best\u00e4ndigkeit \u00fcberzeugen.<\/p>\t\t\t\t\t\t\t\t<\/div>\n\t\t\t\t\t<\/div>\n\t\t\t\t<\/div>\n\t\t\t\t<\/div>\n\t\t\t\t\t<\/details>\n\t\t\t\t\t\t<details id=\"e-n-accordion-item-8451\" class=\"e-n-accordion-item\" >\n\t\t\t\t<summary class=\"e-n-accordion-item-title\" data-accordion-index=\"2\" tabindex=\"-1\" aria-expanded=\"false\" aria-controls=\"e-n-accordion-item-8451\" >\n\t\t\t\t\t<span class='e-n-accordion-item-title-header'><div class=\"e-n-accordion-item-title-text\"> Unsere Vision <\/div><\/span>\n\t\t\t\t\t\t\t<span class='e-n-accordion-item-title-icon'>\n\t\t\t<span class='e-opened' ><svg aria-hidden=\"true\" class=\"e-font-icon-svg e-fas-minus\" viewBox=\"0 0 448 512\" xmlns=\"http:\/\/www.w3.org\/2000\/svg\"><path d=\"M416 208H32c-17.67 0-32 14.33-32 32v32c0 17.67 14.33 32 32 32h384c17.67 0 32-14.33 32-32v-32c0-17.67-14.33-32-32-32z\"><\/path><\/svg><\/span>\n\t\t\t<span class='e-closed'><svg aria-hidden=\"true\" class=\"e-font-icon-svg e-fas-plus\" viewBox=\"0 0 448 512\" xmlns=\"http:\/\/www.w3.org\/2000\/svg\"><path d=\"M416 208H272V64c0-17.67-14.33-32-32-32h-32c-17.67 0-32 14.33-32 32v144H32c-17.67 0-32 14.33-32 32v32c0 17.67 14.33 32 32 32h144v144c0 17.67 14.33 32 32 32h32c17.67 0 32-14.33 32-32V304h144c17.67 0 32-14.33 32-32v-32c0-17.67-14.33-32-32-32z\"><\/path><\/svg><\/span>\n\t\t<\/span>\n\n\t\t\t\t\t\t<\/summary>\n\t\t\t\t<div role=\"region\" aria-labelledby=\"e-n-accordion-item-8451\" class=\"elementor-element elementor-element-6640142 e-con-full e-flex e-con e-child\" data-id=\"6640142\" data-element_type=\"container\">\n\t\t<div role=\"region\" aria-labelledby=\"e-n-accordion-item-8451\" class=\"elementor-element elementor-element-cee9cba e-flex e-con-boxed e-con e-child\" data-id=\"cee9cba\" data-element_type=\"container\">\n\t\t\t\t\t<div class=\"e-con-inner\">\n\t\t\t\t<div class=\"elementor-element elementor-element-b5dc8af elementor-widget elementor-widget-text-editor\" data-id=\"b5dc8af\" data-element_type=\"widget\" data-widget_type=\"text-editor.default\">\n\t\t\t\t\t\t\t\t\t<p>Wir wollen Impulsgeber f\u00fcr die n\u00e4chste Generation logistischer Infrastruktur sein \u2013 mit Projekten, die wirtschaftliches Wachstum f\u00f6rdern, nachhaltige Gemeinschaften unterst\u00fctzen und resiliente Lieferketten st\u00e4rken.<\/p><p>Jedes Projekt ist f\u00fcr uns eine Chance, einen sp\u00fcrbaren und langfristigen Mehrwert zu schaffen \u2013 lokal wie europaweit.<\/p>\t\t\t\t\t\t\t\t<\/div>\n\t\t\t\t\t<\/div>\n\t\t\t\t<\/div>\n\t\t\t\t<\/div>\n\t\t\t\t\t<\/details>\n\t\t\t\t\t\t<details id=\"e-n-accordion-item-8452\" class=\"e-n-accordion-item\" >\n\t\t\t\t<summary class=\"e-n-accordion-item-title\" data-accordion-index=\"3\" tabindex=\"-1\" aria-expanded=\"false\" aria-controls=\"e-n-accordion-item-8452\" >\n\t\t\t\t\t<span class='e-n-accordion-item-title-header'><div class=\"e-n-accordion-item-title-text\"> Kernwerte <\/div><\/span>\n\t\t\t\t\t\t\t<span class='e-n-accordion-item-title-icon'>\n\t\t\t<span class='e-opened' ><svg aria-hidden=\"true\" class=\"e-font-icon-svg e-fas-minus\" viewBox=\"0 0 448 512\" xmlns=\"http:\/\/www.w3.org\/2000\/svg\"><path d=\"M416 208H32c-17.67 0-32 14.33-32 32v32c0 17.67 14.33 32 32 32h384c17.67 0 32-14.33 32-32v-32c0-17.67-14.33-32-32-32z\"><\/path><\/svg><\/span>\n\t\t\t<span class='e-closed'><svg aria-hidden=\"true\" class=\"e-font-icon-svg e-fas-plus\" viewBox=\"0 0 448 512\" xmlns=\"http:\/\/www.w3.org\/2000\/svg\"><path d=\"M416 208H272V64c0-17.67-14.33-32-32-32h-32c-17.67 0-32 14.33-32 32v144H32c-17.67 0-32 14.33-32 32v32c0 17.67 14.33 32 32 32h144v144c0 17.67 14.33 32 32 32h32c17.67 0 32-14.33 32-32V304h144c17.67 0 32-14.33 32-32v-32c0-17.67-14.33-32-32-32z\"><\/path><\/svg><\/span>\n\t\t<\/span>\n\n\t\t\t\t\t\t<\/summary>\n\t\t\t\t<div role=\"region\" aria-labelledby=\"e-n-accordion-item-8452\" class=\"elementor-element elementor-element-1864917 e-con-full e-flex e-con e-child\" data-id=\"1864917\" data-element_type=\"container\">\n\t\t<div role=\"region\" aria-labelledby=\"e-n-accordion-item-8452\" class=\"elementor-element elementor-element-e22223f e-flex e-con-boxed e-con e-child\" data-id=\"e22223f\" data-element_type=\"container\">\n\t\t\t\t\t<div class=\"e-con-inner\">\n\t\t\t\t<div class=\"elementor-element elementor-element-879f0f8 elementor-widget elementor-widget-text-editor\" data-id=\"879f0f8\" data-element_type=\"widget\" data-widget_type=\"text-editor.default\">\n\t\t\t\t\t\t\t\t\t<p><strong data-start=\"1942\" data-end=\"1955\">Integrit\u00e4t<\/strong> \u2013 Wir handeln mit Transparenz, Verantwortungsbewusstsein und h\u00f6chsten ethischen Standards.<br data-start=\"2034\" data-end=\"2037\"><strong data-start=\"2037\" data-end=\"2051\">Exzellenz<\/strong> \u2013 Ein unerm\u00fcdliches Streben nach Qualit\u00e4t, Pr\u00e4zision und kontinuierlicher Verbesserung in allem, was wir tun.<br data-start=\"2148\" data-end=\"2151\"><strong data-start=\"2151\" data-end=\"2165\">Innovation <\/strong>\u2013 Wir nutzen Technologie und kreatives Denken, um zukunftsorientierte L\u00f6sungen zu schaffen.<br data-start=\"2245\" data-end=\"2248\"><strong data-start=\"2248\" data-end=\"2266\">Verantwortung <\/strong>\u2013 ESG und Umweltbewusstsein pr\u00e4gen jede unserer Entscheidungen.<br data-start=\"2330\" data-end=\"2333\"><strong data-start=\"2333\" data-end=\"2350\">Partnerschaft<\/strong> \u2013 Zusammenarbeit auf Basis von Vertrauen, Zielgleichheit und nachhaltigem Erfolg.<\/p>\t\t\t\t\t\t\t\t<\/div>\n\t\t\t\t\t<\/div>\n\t\t\t\t<\/div>\n\t\t\t\t<\/div>\n\t\t\t\t\t<\/details>\n\t\t\t\t\t\t<details id=\"e-n-accordion-item-8453\" class=\"e-n-accordion-item\" >\n\t\t\t\t<summary class=\"e-n-accordion-item-title\" data-accordion-index=\"4\" tabindex=\"-1\" aria-expanded=\"false\" aria-controls=\"e-n-accordion-item-8453\" >\n\t\t\t\t\t<span class='e-n-accordion-item-title-header'><div class=\"e-n-accordion-item-title-text\"> Leadership <\/div><\/span>\n\t\t\t\t\t\t\t<span class='e-n-accordion-item-title-icon'>\n\t\t\t<span class='e-opened' ><svg aria-hidden=\"true\" class=\"e-font-icon-svg e-fas-minus\" viewBox=\"0 0 448 512\" xmlns=\"http:\/\/www.w3.org\/2000\/svg\"><path d=\"M416 208H32c-17.67 0-32 14.33-32 32v32c0 17.67 14.33 32 32 32h384c17.67 0 32-14.33 32-32v-32c0-17.67-14.33-32-32-32z\"><\/path><\/svg><\/span>\n\t\t\t<span class='e-closed'><svg aria-hidden=\"true\" class=\"e-font-icon-svg e-fas-plus\" viewBox=\"0 0 448 512\" xmlns=\"http:\/\/www.w3.org\/2000\/svg\"><path d=\"M416 208H272V64c0-17.67-14.33-32-32-32h-32c-17.67 0-32 14.33-32 32v144H32c-17.67 0-32 14.33-32 32v32c0 17.67 14.33 32 32 32h144v144c0 17.67 14.33 32 32 32h32c17.67 0 32-14.33 32-32V304h144c17.67 0 32-14.33 32-32v-32c0-17.67-14.33-32-32-32z\"><\/path><\/svg><\/span>\n\t\t<\/span>\n\n\t\t\t\t\t\t<\/summary>\n\t\t\t\t<div role=\"region\" aria-labelledby=\"e-n-accordion-item-8453\" class=\"elementor-element elementor-element-a8acca6 e-flex e-con-boxed e-con e-child\" data-id=\"a8acca6\" data-element_type=\"container\">\n\t\t\t\t\t<div class=\"e-con-inner\">\n\t\t<div role=\"region\" aria-labelledby=\"e-n-accordion-item-8453\" class=\"elementor-element elementor-element-e846ee9 e-con-full e-flex e-con e-child\" data-id=\"e846ee9\" data-element_type=\"container\">\n\t\t\t\t<div class=\"elementor-element elementor-element-19d39dd elementor-widget elementor-widget-text-editor\" data-id=\"19d39dd\" data-element_type=\"widget\" data-widget_type=\"text-editor.default\">\n\t\t\t\t\t\t\t\t\t<p><strong data-start=\"3083\" data-end=\"3106\">GRG<\/strong> wurde von <strong data-start=\"3108\" data-end=\"3115\">Niko Gedaze<\/strong> (MRICS) gegr\u00fcndet und wird von ihm gef\u00fchrt.<br>Er verf\u00fcgt \u00fcber mehr als zwei Jahrzehnte Erfahrung im europ\u00e4ischen Logistik- und Industrieimmobiliensektor.<\/p><p>Mit seiner Erfahrung aus leitenden Positionen bei institutionellen Plattformen verbindet er strategische Weitsicht mit operativer Umsetzungskompetenz \u2013 und steht f\u00fcr Projekte mit dauerhafter Qualit\u00e4t und Wertbest\u00e4ndigkeit.<\/p><p><a class=\"about-cta-link\" href=\"https:\/\/grg-partners.com\/de\/ueber-uns\/team\/\">Erfahren Sie mehr \u2192<\/a><\/p>\t\t\t\t\t\t\t\t<\/div>\n\t\t\t\t<\/div>\n\t\t\t\t\t<\/div>\n\t\t\t\t<\/div>\n\t\t\t\t\t<\/details>\n\t\t\t\t\t\t<details id=\"e-n-accordion-item-8454\" class=\"e-n-accordion-item\" >\n\t\t\t\t<summary class=\"e-n-accordion-item-title\" data-accordion-index=\"5\" tabindex=\"-1\" aria-expanded=\"false\" aria-controls=\"e-n-accordion-item-8454\" >\n\t\t\t\t\t<span class='e-n-accordion-item-title-header'><div class=\"e-n-accordion-item-title-text\"> Engagement f\u00fcr Nachhaltigkeit <\/div><\/span>\n\t\t\t\t\t\t\t<span class='e-n-accordion-item-title-icon'>\n\t\t\t<span class='e-opened' ><svg aria-hidden=\"true\" class=\"e-font-icon-svg e-fas-minus\" viewBox=\"0 0 448 512\" xmlns=\"http:\/\/www.w3.org\/2000\/svg\"><path d=\"M416 208H32c-17.67 0-32 14.33-32 32v32c0 17.67 14.33 32 32 32h384c17.67 0 32-14.33 32-32v-32c0-17.67-14.33-32-32-32z\"><\/path><\/svg><\/span>\n\t\t\t<span class='e-closed'><svg aria-hidden=\"true\" class=\"e-font-icon-svg e-fas-plus\" viewBox=\"0 0 448 512\" xmlns=\"http:\/\/www.w3.org\/2000\/svg\"><path d=\"M416 208H272V64c0-17.67-14.33-32-32-32h-32c-17.67 0-32 14.33-32 32v144H32c-17.67 0-32 14.33-32 32v32c0 17.67 14.33 32 32 32h144v144c0 17.67 14.33 32 32 32h32c17.67 0 32-14.33 32-32V304h144c17.67 0 32-14.33 32-32v-32c0-17.67-14.33-32-32-32z\"><\/path><\/svg><\/span>\n\t\t<\/span>\n\n\t\t\t\t\t\t<\/summary>\n\t\t\t\t<div role=\"region\" aria-labelledby=\"e-n-accordion-item-8454\" class=\"elementor-element elementor-element-c36fe1a e-flex e-con-boxed e-con e-child\" data-id=\"c36fe1a\" data-element_type=\"container\">\n\t\t\t\t\t<div class=\"e-con-inner\">\n\t\t<div role=\"region\" aria-labelledby=\"e-n-accordion-item-8454\" class=\"elementor-element elementor-element-bde53fa e-con-full e-flex e-con e-child\" data-id=\"bde53fa\" data-element_type=\"container\">\n\t\t\t\t<div class=\"elementor-element elementor-element-2a7f49a elementor-widget elementor-widget-text-editor\" data-id=\"2a7f49a\" data-element_type=\"widget\" data-widget_type=\"text-editor.default\">\n\t\t\t\t\t\t\t\t\t<p>Nachhaltigkeit steht im Zentrum der Entwicklungspolitik von <strong data-start=\"4157\" data-end=\"4166\">GRG<\/strong>.<\/p><p>Wir integrieren ESG-Best-Practices und vorausschauende Designl\u00f6sungen in jeder Projektphase \u2013 von der Standortwahl \u00fcber den Bau bis hin zum langfristigen Betrieb.<\/p><p>Unser Ziel ist es, effiziente, verantwortungsvolle und wertbest\u00e4ndige Immobilien zu schaffen, die sowohl unseren Kunden als auch der Gesellschaft zugutekommen.<\/p><p><a class=\"about-cta-link\" href=\"https:\/\/grg-partners.com\/de\/dienstleistungen\/esg-innovation\/\">Erfahren Sie mehr \u2192<\/a><\/p>\t\t\t\t\t\t\t\t<\/div>\n\t\t\t\t<\/div>\n\t\t\t\t\t<\/div>\n\t\t\t\t<\/div>\n\t\t\t\t\t<\/details>\n\t\t\t\t\t<\/div>\n\t\t\t\t\t\t<\/div>\n\t\t\t\t<div class=\"elementor-element elementor-element-cd33593 grg-elegant-accordion elementor-widget elementor-widget-n-accordion\" data-id=\"cd33593\" data-element_type=\"widget\" data-settings=\"{&quot;default_state&quot;:&quot;expanded&quot;,&quot;max_items_expended&quot;:&quot;one&quot;,&quot;n_accordion_animation_duration&quot;:{&quot;unit&quot;:&quot;ms&quot;,&quot;size&quot;:400,&quot;sizes&quot;:[]}}\" data-widget_type=\"nested-accordion.default\">\n\t\t\t\t\t\t\t<div class=\"e-n-accordion\" aria-label=\"Accordion. Open links with Enter or Space, close with Escape, and navigate with Arrow Keys\">\n\t\t\t\t\t\t<details id=\"e-n-accordion-item-2150\" class=\"e-n-accordion-item\" open>\n\t\t\t\t<summary class=\"e-n-accordion-item-title\" data-accordion-index=\"1\" tabindex=\"0\" aria-expanded=\"true\" aria-controls=\"e-n-accordion-item-2150\" >\n\t\t\t\t\t<span class='e-n-accordion-item-title-header'><div class=\"e-n-accordion-item-title-text\">  <\/div><\/span>\n\t\t\t\t\t\t\t\t\t<\/summary>\n\t\t\t\t<div role=\"region\" aria-labelledby=\"e-n-accordion-item-2150\" class=\"elementor-element elementor-element-1dba60c e-con-full e-flex e-con e-child\" data-id=\"1dba60c\" data-element_type=\"container\">\n\t\t<div role=\"region\" aria-labelledby=\"e-n-accordion-item-2150\" class=\"elementor-element elementor-element-e84f47a e-flex e-con-boxed e-con e-child\" data-id=\"e84f47a\" data-element_type=\"container\">\n\t\t\t\t\t<div class=\"e-con-inner\">\n\t\t\t\t<div class=\"elementor-element elementor-element-33b5233 elementor-widget elementor-widget-text-editor\" data-id=\"33b5233\" data-element_type=\"widget\" data-widget_type=\"text-editor.default\">\n\t\t\t\t\t\t\t\t\t<p data-start=\"2675\" data-end=\"2843\">Bei <strong data-start=\"5014\" data-end=\"5021\">GRG<\/strong> verbinden wir Erfahrung, Integrit\u00e4t und Weitblick, um die Zukunft der Logistikimmobilien zu gestalten.<\/p><p data-start=\"2675\" data-end=\"2843\">Geleitet von unseren Kernwerten engagieren wir uns f\u00fcr Projekte und Partnerschaften, die f\u00fcr Nutzer, Investoren und Gemeinden nachhaltigen, langfristigen Wert schaffen. <\/p><p><em><strong><a class=\"about-cta-link\" href=\"https:\/\/grg-partners.com\/de\/ueber-uns\/\">\u2190 Zur\u00fcck<\/a><\/strong><\/em><\/p>\t\t\t\t\t\t\t\t<\/div>\n\t\t\t\t\t<\/div>\n\t\t\t\t<\/div>\n\t\t\t\t<\/div>\n\t\t\t\t\t<\/details>\n\t\t\t\t\t<\/div>\n\t\t\t\t\t\t<\/div>\n\t\t\t\t<\/div>\n\t\t\t\t<\/div>\n\t\t\t\t<\/div>\n\t\t","protected":false},"excerpt":{"rendered":"<p>GRG im \u00dcberblick GRG setzt neue Ma\u00dfst\u00e4be in der Logistik- und Industrieimmobilienbranche. Durch die Verbindung institutioneller Erfahrung mit unternehmerischem Antrieb schaffen wir zukunftsorientierte Immobilien, die Investoren, Nutzern und Gemeinden in ganz Europa echten Mehrwert bieten. Unsere Philosophie basiert auf Integrit\u00e4t, Innovation und einem konsequenten Bekenntnis zu nachhaltiger Wertsch\u00f6pfung. GRG setzt neue Ma\u00dfst\u00e4be in der Logistik- [&hellip;]<\/p>\n","protected":false},"author":1,"featured_media":0,"parent":5071,"menu_order":0,"comment_status":"closed","ping_status":"closed","template":"elementor_header_footer","meta":{"_eb_attr":"","footnotes":""},"class_list":["post-5076","page","type-page","status-publish","hentry"],"_links":{"self":[{"href":"https:\/\/grg-partners.com\/de\/wp-json\/wp\/v2\/pages\/5076","targetHints":{"allow":["GET"]}}],"collection":[{"href":"https:\/\/grg-partners.com\/de\/wp-json\/wp\/v2\/pages"}],"about":[{"href":"https:\/\/grg-partners.com\/de\/wp-json\/wp\/v2\/types\/page"}],"author":[{"embeddable":true,"href":"https:\/\/grg-partners.com\/de\/wp-json\/wp\/v2\/users\/1"}],"replies":[{"embeddable":true,"href":"https:\/\/grg-partners.com\/de\/wp-json\/wp\/v2\/comments?post=5076"}],"version-history":[{"count":15,"href":"https:\/\/grg-partners.com\/de\/wp-json\/wp\/v2\/pages\/5076\/revisions"}],"predecessor-version":[{"id":6331,"href":"https:\/\/grg-partners.com\/de\/wp-json\/wp\/v2\/pages\/5076\/revisions\/6331"}],"up":[{"embeddable":true,"href":"https:\/\/grg-partners.com\/de\/wp-json\/wp\/v2\/pages\/5071"}],"wp:attachment":[{"href":"https:\/\/grg-partners.com\/de\/wp-json\/wp\/v2\/media?parent=5076"}],"curies":[{"name":"wp","href":"https:\/\/api.w.org\/{rel}","templated":true}]}}