{"id":5078,"date":"2025-07-14T18:40:45","date_gmt":"2025-07-14T16:40:45","guid":{"rendered":"https:\/\/grg-partners.com\/ueber-uns\/team\/"},"modified":"2025-10-26T09:54:52","modified_gmt":"2025-10-26T08:54:52","slug":"team","status":"publish","type":"page","link":"https:\/\/grg-partners.com\/de\/ueber-uns\/team\/","title":{"rendered":"Leadership"},"content":{"rendered":"\t\t<div data-elementor-type=\"wp-page\" data-elementor-id=\"5078\" class=\"elementor elementor-5078 elementor-196\">\n\t\t\t\t<div class=\"elementor-element elementor-element-2df3dda e-con-full e-flex e-con e-parent\" data-id=\"2df3dda\" data-element_type=\"container\">\n\t\t<div class=\"elementor-element elementor-element-cb11786 e-con-full grg-hero-background e-flex e-con e-child\" data-id=\"cb11786\" data-element_type=\"container\">\n\t\t\t\t<div class=\"elementor-element elementor-element-8badced elementor-widget__width-auto elementor-widget elementor-widget-html\" data-id=\"8badced\" data-element_type=\"widget\" data-widget_type=\"html.default\">\n\t\t\t\t\t<div class=\"grg-bg-emblems\">\n  <div class=\"grg-bg-emblem\"><\/div>\n  <div class=\"grg-bg-emblem\"><\/div>\n  <div class=\"grg-bg-emblem\"><\/div>\n  <div class=\"grg-bg-emblem\"><\/div>\n  <div class=\"grg-bg-emblem\"><\/div>\n  <div class=\"grg-bg-emblem\"><\/div>\n<\/div>\t\t\t\t<\/div>\n\t\t\t\t<div class=\"elementor-element elementor-element-02554ce grg-elegant-accordion elementor-widget elementor-widget-n-accordion\" data-id=\"02554ce\" data-element_type=\"widget\" data-settings=\"{&quot;default_state&quot;:&quot;all_collapsed&quot;,&quot;max_items_expended&quot;:&quot;one&quot;,&quot;n_accordion_animation_duration&quot;:{&quot;unit&quot;:&quot;ms&quot;,&quot;size&quot;:400,&quot;sizes&quot;:[]}}\" data-widget_type=\"nested-accordion.default\">\n\t\t\t\t\t\t\t<div class=\"e-n-accordion\" aria-label=\"Accordion. Open links with Enter or Space, close with Escape, and navigate with Arrow Keys\">\n\t\t\t\t\t\t<details id=\"e-n-accordion-item-2440\" class=\"e-n-accordion-item\" >\n\t\t\t\t<summary class=\"e-n-accordion-item-title\" data-accordion-index=\"1\" tabindex=\"0\" aria-expanded=\"false\" aria-controls=\"e-n-accordion-item-2440\" >\n\t\t\t\t\t<span class='e-n-accordion-item-title-header'><div class=\"e-n-accordion-item-title-text\"> Leadership <\/div><\/span>\n\t\t\t\t\t\t\t\t\t<\/summary>\n\t\t\t\t<div role=\"region\" aria-labelledby=\"e-n-accordion-item-2440\" class=\"elementor-element elementor-element-01c6445 e-con-full e-flex e-con e-child\" data-id=\"01c6445\" data-element_type=\"container\">\n\t\t<div role=\"region\" aria-labelledby=\"e-n-accordion-item-2440\" class=\"elementor-element elementor-element-91fa526 e-flex e-con-boxed e-con e-child\" data-id=\"91fa526\" data-element_type=\"container\">\n\t\t\t\t\t<div class=\"e-con-inner\">\n\t\t\t\t<div class=\"elementor-element elementor-element-b9ab7bb elementor-widget elementor-widget-text-editor\" data-id=\"b9ab7bb\" data-element_type=\"widget\" data-widget_type=\"text-editor.default\">\n\t\t\t\t\t\t\t\t\t<p>F\u00fchrung bei <strong data-start=\"543\" data-end=\"550\">GRG<\/strong> bedeutet Weitblick, Verantwortung und Erfahrung.<\/p><p>Gegr\u00fcndet und geleitet von <strong data-start=\"630\" data-end=\"653\">Niko Gedaze<\/strong> (MRICS) basiert GRG auf mehr als zwei Jahrzehnten Expertise in Logistikimmobilien, Investment-Management und Projektentwicklung.<\/p><p>Seine Erfahrung in f\u00fchrenden institutionellen Plattformen und sein unternehmerisches Denken bilden das Fundament des GRG-Ansatzes \u2013 die Verbindung aus strategischer Weitsicht und pr\u00e4ziser Umsetzung.<\/p><p>Wir sind \u00fcberzeugt, dass Zusammenarbeit und Integrit\u00e4t Innovation f\u00f6rdern \u2013 und so Immobilien entstehen, die neue Ma\u00dfst\u00e4be in Qualit\u00e4t, Nachhaltigkeit und langfristiger Wertsch\u00f6pfung setzen.<\/p>\t\t\t\t\t\t\t\t<\/div>\n\t\t\t\t\t<\/div>\n\t\t\t\t<\/div>\n\t\t\t\t<\/div>\n\t\t\t\t\t<\/details>\n\t\t\t\t\t<\/div>\n\t\t\t\t\t\t<\/div>\n\t\t<div class=\"elementor-element elementor-element-4907e3e e-con-full e-flex e-con e-child\" data-id=\"4907e3e\" data-element_type=\"container\">\n\t\t<div class=\"elementor-element elementor-element-cfedc12 e-con-full e-flex e-con e-child\" data-id=\"cfedc12\" data-element_type=\"container\">\n\t\t<div class=\"elementor-element elementor-element-dda86a4 e-con-full grg-inner-card e-flex e-con e-child\" data-id=\"dda86a4\" data-element_type=\"container\">\n\t\t\t\t<div class=\"elementor-element elementor-element-af1265a elementor-widget elementor-widget-image\" data-id=\"af1265a\" data-element_type=\"widget\" data-widget_type=\"image.default\">\n\t\t\t\t\t\t\t\t\t\t\t\t\t\t\t\t<a href=\"https:\/\/grg-partners.com\/de\/niko-gedaze\/\">\n\t\t\t\t\t\t\t<img fetchpriority=\"high\" decoding=\"async\" width=\"683\" height=\"1024\" src=\"https:\/\/grg-partners.com\/wp-content\/uploads\/2025\/08\/PPDue-1_BB-683x1024.jpg\" class=\"attachment-large size-large wp-image-5758\" alt=\"\" srcset=\"https:\/\/grg-partners.com\/wp-content\/uploads\/2025\/08\/PPDue-1_BB-683x1024.jpg 683w, https:\/\/grg-partners.com\/wp-content\/uploads\/2025\/08\/PPDue-1_BB-200x300.jpg 200w, https:\/\/grg-partners.com\/wp-content\/uploads\/2025\/08\/PPDue-1_BB-768x1152.jpg 768w, https:\/\/grg-partners.com\/wp-content\/uploads\/2025\/08\/PPDue-1_BB-1024x1536.jpg 1024w, https:\/\/grg-partners.com\/wp-content\/uploads\/2025\/08\/PPDue-1_BB-1365x2048.jpg 1365w, https:\/\/grg-partners.com\/wp-content\/uploads\/2025\/08\/PPDue-1_BB-scaled.jpg 1707w\" sizes=\"(max-width: 683px) 100vw, 683px\" \/>\t\t\t\t\t\t\t\t<\/a>\n\t\t\t\t\t\t\t\t\t\t\t\t\t\t\t<\/div>\n\t\t\t\t<div class=\"elementor-element elementor-element-edf2f2b elementor-widget elementor-widget-text-editor\" data-id=\"edf2f2b\" data-element_type=\"widget\" data-widget_type=\"text-editor.default\">\n\t\t\t\t\t\t\t\t\t<h2 style=\"text-align: center;\"><a href=\"https:\/\/grg-partners.com\/de\/niko-gedaze\/\">Niko Gedaze<\/a><\/h2>\t\t\t\t\t\t\t\t<\/div>\n\t\t\t\t<div class=\"elementor-element elementor-element-eedc2c4 elementor-widget elementor-widget-html\" data-id=\"eedc2c4\" data-element_type=\"widget\" data-widget_type=\"html.default\">\n\t\t\t\t\t<div style=\"display: flex; flex-direction: column; align-items: center; gap: 0.05em; font-size: 0.82em; color: #aaa;\">\n  <span style=\"font-weight: 500; font-size: 1em; color: #bbb;\">Gr\u00fcnder &amp; Gesch\u00e4ftsf\u00fchrender Gesellschafter<\/span>\n  \n  <span style=\"font-size: 1em; color: #bbb; margin-top:2px;\">\n  <span style=\"font-weight: 600; letter-spacing:0.03em;\">T<\/span>:\n <a href=\"tel:+4915172658580\" style=\"color:inherit; text-decoration:none;\">+49 151 726 58580<\/a>\n <\/span> \n  \n  <span style=\"font-size: 1em; color: #bbb;\">\n    <span style=\"font-weight: 600; letter-spacing:0.03em;\">E<\/span>:\n<a href=\"mailto:niko.gedaze@grg-partners.com\" style=\"color:inherit; text-decoration:none;\">niko.gedaze@grg-partners.com<\/a>\n  <\/span>\n  \n  <span style=\"font-size: 1em; color: #bbb; margin-top:3px;\">\n    <span style=\"font-weight: 600; letter-spacing:0.03em;\">\ud83d\udcc7<\/span>\n<a href=\"https:\/\/www.grg-partners.com\/assets\/vcf\/niko-gedaze.vcf\" style=\"color:inherit; text-decoration:none;\" download=\"\">\nvCard herunterladen\n<\/a> \n  <\/span>\n<\/div>\t\t\t\t<\/div>\n\t\t\t\t<\/div>\n\t\t\t\t<\/div>\n\t\t\t\t<\/div>\n\t\t\t\t<\/div>\n\t\t\t\t<\/div>\n\t\t\t\t<\/div>\n\t\t","protected":false},"excerpt":{"rendered":"<p>Leadership F\u00fchrung bei GRG bedeutet Weitblick, Verantwortung und Erfahrung. Gegr\u00fcndet und geleitet von Niko Gedaze (MRICS) basiert GRG auf mehr als zwei Jahrzehnten Expertise in Logistikimmobilien, Investment-Management und Projektentwicklung. Seine Erfahrung in f\u00fchrenden institutionellen Plattformen und sein unternehmerisches Denken bilden das Fundament des GRG-Ansatzes \u2013 die Verbindung aus strategischer Weitsicht und pr\u00e4ziser Umsetzung. Wir sind [&hellip;]<\/p>\n","protected":false},"author":1,"featured_media":0,"parent":5071,"menu_order":0,"comment_status":"closed","ping_status":"closed","template":"elementor_header_footer","meta":{"_eb_attr":"","footnotes":""},"class_list":["post-5078","page","type-page","status-publish","hentry"],"_links":{"self":[{"href":"https:\/\/grg-partners.com\/de\/wp-json\/wp\/v2\/pages\/5078","targetHints":{"allow":["GET"]}}],"collection":[{"href":"https:\/\/grg-partners.com\/de\/wp-json\/wp\/v2\/pages"}],"about":[{"href":"https:\/\/grg-partners.com\/de\/wp-json\/wp\/v2\/types\/page"}],"author":[{"embeddable":true,"href":"https:\/\/grg-partners.com\/de\/wp-json\/wp\/v2\/users\/1"}],"replies":[{"embeddable":true,"href":"https:\/\/grg-partners.com\/de\/wp-json\/wp\/v2\/comments?post=5078"}],"version-history":[{"count":14,"href":"https:\/\/grg-partners.com\/de\/wp-json\/wp\/v2\/pages\/5078\/revisions"}],"predecessor-version":[{"id":6333,"href":"https:\/\/grg-partners.com\/de\/wp-json\/wp\/v2\/pages\/5078\/revisions\/6333"}],"up":[{"embeddable":true,"href":"https:\/\/grg-partners.com\/de\/wp-json\/wp\/v2\/pages\/5071"}],"wp:attachment":[{"href":"https:\/\/grg-partners.com\/de\/wp-json\/wp\/v2\/media?parent=5078"}],"curies":[{"name":"wp","href":"https:\/\/api.w.org\/{rel}","templated":true}]}}