{"id":5083,"date":"2025-07-03T16:32:19","date_gmt":"2025-07-03T14:32:19","guid":{"rendered":"https:\/\/grg-partners.com\/datenschutzbestimmungen\/"},"modified":"2025-10-26T09:25:44","modified_gmt":"2025-10-26T08:25:44","slug":"datenschutzbestimmungen","status":"publish","type":"page","link":"https:\/\/grg-partners.com\/de\/datenschutzbestimmungen\/","title":{"rendered":"Datenschutzerkl\u00e4rung"},"content":{"rendered":"\t\t<div data-elementor-type=\"wp-page\" data-elementor-id=\"5083\" class=\"elementor elementor-5083 elementor-8\">\n\t\t\t\t<div class=\"elementor-element elementor-element-7ebd363 e-con-full e-flex e-con e-parent\" data-id=\"7ebd363\" data-element_type=\"container\">\n\t\t<div class=\"elementor-element elementor-element-08b2669 e-con-full grg-master-canvas e-flex e-con e-child\" data-id=\"08b2669\" data-element_type=\"container\">\n\t\t\t\t<div class=\"elementor-element elementor-element-186782c elementor-widget elementor-widget-text-editor\" data-id=\"186782c\" data-element_type=\"widget\" data-widget_type=\"text-editor.default\">\n\t\t\t\t\t\t\t\t\t<h1> <\/h1>\n<h2 data-start=\"445\" data-end=\"463\"><strong data-start=\"445\" data-end=\"463\">Datenschutzerkl\u00e4rung<\/strong><\/h2>\n<p data-start=\"465\" data-end=\"767\"> <\/p>\n<p data-start=\"465\" data-end=\"767\"><strong data-start=\"465\" data-end=\"481\">Einleitung<\/strong><br data-start=\"481\" data-end=\"484\">GRG (\u201ewir\u201c, \u201euns\u201c oder \u201eunser\u201c) legt gro\u00dfen Wert auf den Schutz Ihrer Privatsph\u00e4re und stellt sicher, dass Ihre personenbezogenen Daten sicher und verantwortungsvoll verarbeitet werden. Diese Datenschutzerkl\u00e4rung erl\u00e4utert, wie wir Ihre Daten erheben, nutzen und sch\u00fctzen \u2013 in \u00dcbereinstimmung mit der Datenschutz-Grundverordnung (DSGVO). <\/p>\n<p data-start=\"769\" data-end=\"897\"><strong data-start=\"769\" data-end=\"788\">Verantwortliche Stelle (Data Controller)<\/strong><br data-start=\"788\" data-end=\"791\">GRG Partners GmbH<br data-start=\"808\" data-end=\"811\">D\u00fcsseldorf, Germany<br data-start=\"830\" data-end=\"833\">Email: <a class=\"decorated-link cursor-pointer\" rel=\"noopener\" data-start=\"840\" data-end=\"897\">office@grg-partners.com<\/a><\/p>\n<p data-start=\"899\" data-end=\"1002\"><strong data-start=\"899\" data-end=\"923\">Welche Daten wir erheben<\/strong><br data-start=\"923\" data-end=\"926\">Beim Besuch unserer Website k\u00f6nnen wir folgende Daten verarbeiten:<\/p>\n<ul data-start=\"1003\" data-end=\"1382\">\n<li data-start=\"1003\" data-end=\"1106\">\n<p data-start=\"1005\" data-end=\"1106\"><strong data-start=\"1005\" data-end=\"1024\">Technische Daten: <\/strong>IP-Adresse, Browsertyp, Betriebssystem, verweisende URL, Datum und Uhrzeit des Zugriffs<\/p>\n<\/li>\n<li data-start=\"1107\" data-end=\"1235\">\n<p data-start=\"1109\" data-end=\"1235\"><strong data-start=\"1109\" data-end=\"1133\">Kontaktdaten:<\/strong> Wenn Sie uns per Formular oder E-Mail kontaktieren, verarbeiten wir Ihren Namen, Ihre E-Mail-Adresse und den Inhalt Ihrer Nachricht<\/p>\n<\/li>\n<li data-start=\"1236\" data-end=\"1382\">\n<p data-start=\"1238\" data-end=\"1382\"><strong data-start=\"1238\" data-end=\"1250\">Cookies:<\/strong> Wir verwenden ausschlie\u00dflich technisch notwendige Cookies, um die Funktionalit\u00e4t der Website sicherzustellen. Analyse-, Tracking- oder Marketing-Cookies werden nicht eingesetzt. <\/p>\n<\/li>\n<\/ul>\n<p data-start=\"1384\" data-end=\"1453\"><strong data-start=\"1384\" data-end=\"1408\">Wie wir Ihre Daten verwenden<\/strong><br data-start=\"1408\" data-end=\"1411\">Ihre personenbezogenen Daten werden ausschlie\u00dflich verwendet, um:<\/p>\n<ul data-start=\"1454\" data-end=\"1591\">\n<li data-start=\"1454\" data-end=\"1516\">\n<p data-start=\"1456\" data-end=\"1516\">den ordnungsgem\u00e4\u00dfen Betrieb und die Sicherheit unserer Website zu gew\u00e4hrleisten,<\/p>\n<\/li>\n<li data-start=\"1517\" data-end=\"1558\">\n<p data-start=\"1519\" data-end=\"1558\">auf Ihre Anfragen zu reagieren oder gew\u00fcnschte Informationen bereitzustellen,<\/p>\n<\/li>\n<li data-start=\"1559\" data-end=\"1591\">\n<p data-start=\"1561\" data-end=\"1591\">gesetzliche Pflichten zu erf\u00fcllen.<\/p>\n<\/li>\n<\/ul>\n<p data-start=\"1593\" data-end=\"1744\">Wir verwenden Ihre Daten nicht f\u00fcr Profiling, Analysen oder Marketingzwecke und geben sie nicht an Dritte weiter \u2013 es sei denn, dies ist gesetzlich vorgeschrieben.<\/p>\n<p data-start=\"1746\" data-end=\"1823\"><strong data-start=\"1746\" data-end=\"1776\">Rechtsgrundlagen der Verarbeitung<\/strong><br data-start=\"1776\" data-end=\"1779\">Die Verarbeitung erfolgt auf Grundlage von:<\/p>\n<ul data-start=\"1824\" data-end=\"2088\">\n<li data-start=\"1824\" data-end=\"1914\">\n<p data-start=\"1826\" data-end=\"1914\">Art. 6 Abs. 1 lit. f DSGVO (berechtigtes Interesse) \u2013 Sicherstellung des technischen Betriebs und der Sicherheit der Website<\/p>\n<\/li>\n<li data-start=\"1915\" data-end=\"2002\">\n<p data-start=\"1917\" data-end=\"2002\">Art. 6 Abs. 1 lit. b DSGVO (Vertragserf\u00fcllung) \u2013 Beantwortung von Kontaktanfragen<\/p>\n<\/li>\n<li data-start=\"2003\" data-end=\"2088\">\n<p data-start=\"2005\" data-end=\"2088\">Art. 6 Abs. 1 lit. c DSGVO (rechtliche Verpflichtung) \u2013 Einhaltung gesetzlicher Aufbewahrungs- oder Nachweispflichten<\/p>\n<\/li>\n<\/ul>\n<p data-start=\"2090\" data-end=\"2234\"><strong data-start=\"2090\" data-end=\"2108\">Speicherdauer<\/strong><br data-start=\"2108\" data-end=\"2111\">Wir speichern personenbezogene Daten nur so lange, wie es zur Erf\u00fcllung der genannten Zwecke erforderlich ist oder gesetzliche Vorschriften dies verlangen.<\/p>\n<p data-start=\"2236\" data-end=\"2295\"><strong data-start=\"2236\" data-end=\"2251\">Ihre Rechte<\/strong><br data-start=\"2251\" data-end=\"2254\">Sie haben gem\u00e4\u00df DSGVO folgende Rechte:<\/p>\n<ul data-start=\"2296\" data-end=\"2554\">\n<li data-start=\"2296\" data-end=\"2328\">\n<p data-start=\"2298\" data-end=\"2328\">Auskunft \u00fcber Ihre gespeicherten personenbezogenen Daten<\/p>\n<\/li>\n<li data-start=\"2329\" data-end=\"2373\">\n<p data-start=\"2331\" data-end=\"2373\">Berichtigung oder Vervollst\u00e4ndigung Ihrer Daten<\/p>\n<\/li>\n<li data-start=\"2374\" data-end=\"2411\">\n<p data-start=\"2376\" data-end=\"2411\">L\u00f6schung Ihrer Daten (\u201eRecht auf Vergessenwerden\u201c)<\/p>\n<\/li>\n<li data-start=\"2412\" data-end=\"2454\">\n<p data-start=\"2414\" data-end=\"2454\">Einschr\u00e4nkung oder Widerspruch gegen die Verarbeitung<\/p>\n<\/li>\n<li data-start=\"2455\" data-end=\"2494\">\n<p data-start=\"2457\" data-end=\"2494\">Daten\u00fcbertragbarkeit (soweit anwendbar)<\/p>\n<\/li>\n<li data-start=\"2495\" data-end=\"2554\">\n<p data-start=\"2497\" data-end=\"2554\">Beschwerde bei einer zust\u00e4ndigen Datenschutzaufsichtsbeh\u00f6rde<\/p>\n<\/li>\n<\/ul>\n<p data-start=\"2556\" data-end=\"2660\">Zur Aus\u00fcbung Ihrer Rechte wenden Sie sich bitte an<a class=\"decorated-link cursor-pointer\" rel=\"noopener\" data-start=\"2602\" data-end=\"2659\"> office@grg-partners.com<\/a><\/p>\n<p data-start=\"2662\" data-end=\"2815\"><strong data-start=\"2662\" data-end=\"2674\">Datensicherheit<\/strong><br data-start=\"2674\" data-end=\"2677\">Wir treffen geeignete technische und organisatorische Ma\u00dfnahmen, um Ihre personenbezogenen Daten vor unbefugtem Zugriff, Verlust oder Missbrauch zu sch\u00fctzen.<\/p>\n<p data-start=\"2817\" data-end=\"2937\"><strong data-start=\"2817\" data-end=\"2828\">Aktualisierungen<\/strong><br data-start=\"2828\" data-end=\"2831\">Wir k\u00f6nnen diese Datenschutzerkl\u00e4rung gelegentlich anpassen. Die jeweils aktuelle Version ist stets auf dieser Seite abrufbar. <\/p>\n<p data-start=\"2939\" data-end=\"2964\"> <\/p>\n<p data-start=\"2939\" data-end=\"2964\"> <\/p>\n<p style=\"text-align: right;\" data-start=\"2939\" data-end=\"2964\"><em data-start=\"2939\" data-end=\"2964\">Letzte Aktualisierung: Juli 2025<\/em><\/p>\n<p data-start=\"2939\" data-end=\"2964\"> <\/p>\t\t\t\t\t\t\t\t<\/div>\n\t\t\t\t<\/div>\n\t\t\t\t<\/div>\n\t\t\t\t<\/div>\n\t\t","protected":false},"excerpt":{"rendered":"<p>Datenschutzerkl\u00e4rung EinleitungGRG (\u201ewir\u201c, \u201euns\u201c oder \u201eunser\u201c) legt gro\u00dfen Wert auf den Schutz Ihrer Privatsph\u00e4re und stellt sicher, dass Ihre personenbezogenen Daten sicher und verantwortungsvoll verarbeitet werden. Diese Datenschutzerkl\u00e4rung erl\u00e4utert, wie wir Ihre Daten erheben, nutzen und sch\u00fctzen \u2013 in \u00dcbereinstimmung mit der Datenschutz-Grundverordnung (DSGVO). Verantwortliche Stelle (Data Controller)GRG Partners GmbHD\u00fcsseldorf, GermanyEmail: office@grg-partners.com Welche Daten wir [&hellip;]<\/p>\n","protected":false},"author":1,"featured_media":0,"parent":0,"menu_order":0,"comment_status":"closed","ping_status":"closed","template":"elementor_header_footer","meta":{"_eb_attr":"","footnotes":""},"class_list":["post-5083","page","type-page","status-publish","hentry"],"_links":{"self":[{"href":"https:\/\/grg-partners.com\/de\/wp-json\/wp\/v2\/pages\/5083","targetHints":{"allow":["GET"]}}],"collection":[{"href":"https:\/\/grg-partners.com\/de\/wp-json\/wp\/v2\/pages"}],"about":[{"href":"https:\/\/grg-partners.com\/de\/wp-json\/wp\/v2\/types\/page"}],"author":[{"embeddable":true,"href":"https:\/\/grg-partners.com\/de\/wp-json\/wp\/v2\/users\/1"}],"replies":[{"embeddable":true,"href":"https:\/\/grg-partners.com\/de\/wp-json\/wp\/v2\/comments?post=5083"}],"version-history":[{"count":7,"href":"https:\/\/grg-partners.com\/de\/wp-json\/wp\/v2\/pages\/5083\/revisions"}],"predecessor-version":[{"id":6323,"href":"https:\/\/grg-partners.com\/de\/wp-json\/wp\/v2\/pages\/5083\/revisions\/6323"}],"wp:attachment":[{"href":"https:\/\/grg-partners.com\/de\/wp-json\/wp\/v2\/media?parent=5083"}],"curies":[{"name":"wp","href":"https:\/\/api.w.org\/{rel}","templated":true}]}}