{"id":5085,"date":"2025-07-14T21:03:33","date_gmt":"2025-07-14T19:03:33","guid":{"rendered":"https:\/\/grg-partners.com\/dienstleistungen\/"},"modified":"2025-10-26T10:08:14","modified_gmt":"2025-10-26T09:08:14","slug":"dienstleistungen","status":"publish","type":"page","link":"https:\/\/grg-partners.com\/de\/dienstleistungen\/","title":{"rendered":"Leistungen"},"content":{"rendered":"\t\t<div data-elementor-type=\"wp-page\" data-elementor-id=\"5085\" class=\"elementor elementor-5085 elementor-292\">\n\t\t\t\t<div class=\"elementor-element elementor-element-f646dfb e-con-full e-flex e-con e-parent\" data-id=\"f646dfb\" data-element_type=\"container\">\n\t\t<div class=\"elementor-element elementor-element-09894f0 e-con-full grg-hero-background e-flex e-con e-child\" data-id=\"09894f0\" data-element_type=\"container\">\n\t\t\t\t<div class=\"elementor-element elementor-element-675214e elementor-widget__width-auto elementor-widget elementor-widget-html\" data-id=\"675214e\" data-element_type=\"widget\" data-widget_type=\"html.default\">\n\t\t\t\t\t<div class=\"grg-bg-emblems\">\n  <div class=\"grg-bg-emblem\"><\/div>\n  <div class=\"grg-bg-emblem\"><\/div>\n  <div class=\"grg-bg-emblem\"><\/div>\n  <div class=\"grg-bg-emblem\"><\/div>\n  <div class=\"grg-bg-emblem\"><\/div>\n  <div class=\"grg-bg-emblem\"><\/div>\n<\/div>\t\t\t\t<\/div>\n\t\t\t\t<div class=\"elementor-element elementor-element-da8cb39 grg-elegant-accordion elementor-widget elementor-widget-n-accordion\" data-id=\"da8cb39\" data-element_type=\"widget\" data-settings=\"{&quot;default_state&quot;:&quot;expanded&quot;,&quot;max_items_expended&quot;:&quot;one&quot;,&quot;n_accordion_animation_duration&quot;:{&quot;unit&quot;:&quot;ms&quot;,&quot;size&quot;:400,&quot;sizes&quot;:[]}}\" data-widget_type=\"nested-accordion.default\">\n\t\t\t\t\t\t\t<div class=\"e-n-accordion\" aria-label=\"Accordion. Open links with Enter or Space, close with Escape, and navigate with Arrow Keys\">\n\t\t\t\t\t\t<details id=\"e-n-accordion-item-2290\" class=\"e-n-accordion-item\" open>\n\t\t\t\t<summary class=\"e-n-accordion-item-title\" data-accordion-index=\"1\" tabindex=\"0\" aria-expanded=\"true\" aria-controls=\"e-n-accordion-item-2290\" >\n\t\t\t\t\t<span class='e-n-accordion-item-title-header'><div class=\"e-n-accordion-item-title-text\"> Leistungen <\/div><\/span>\n\t\t\t\t\t\t\t\t\t<\/summary>\n\t\t\t\t<div role=\"region\" aria-labelledby=\"e-n-accordion-item-2290\" class=\"elementor-element elementor-element-0309b0c e-con-full e-flex e-con e-child\" data-id=\"0309b0c\" data-element_type=\"container\">\n\t\t<div role=\"region\" aria-labelledby=\"e-n-accordion-item-2290\" class=\"elementor-element elementor-element-54b7916 e-flex e-con-boxed e-con e-child\" data-id=\"54b7916\" data-element_type=\"container\">\n\t\t\t\t\t<div class=\"e-con-inner\">\n\t\t\t\t<div class=\"elementor-element elementor-element-7969a63 elementor-widget elementor-widget-text-editor\" data-id=\"7969a63\" data-element_type=\"widget\" data-widget_type=\"text-editor.default\">\n\t\t\t\t\t\t\t\t\t<p data-start=\"157\" data-end=\"209\"><strong>Integrierte L\u00f6sungen, nachhaltiger Wert<\/strong><\/p><p>Bei <strong data-start=\"696\" data-end=\"703\">GRG<\/strong> bieten wir integrierte Immobilienl\u00f6sungen, die den Wert entlang des gesamten Investitionszyklus optimieren.<\/p><p>Durch die Kombination aus institutioneller Disziplin und unternehmerischer Agilit\u00e4t steuern wir komplexe Logistik- und Industrieprojekte mit Pr\u00e4zision, Innovationskraft und Fokus auf nachhaltiges Wachstum.<\/p><p> <\/p>\t\t\t\t\t\t\t\t<\/div>\n\t\t\t\t\t<\/div>\n\t\t\t\t<\/div>\n\t\t\t\t<\/div>\n\t\t\t\t\t<\/details>\n\t\t\t\t\t<\/div>\n\t\t\t\t\t\t<\/div>\n\t\t\t\t<div class=\"elementor-element elementor-element-ce51546 grg-elegant-accordion elementor-widget elementor-widget-n-accordion\" data-id=\"ce51546\" data-element_type=\"widget\" data-settings=\"{&quot;default_state&quot;:&quot;expanded&quot;,&quot;max_items_expended&quot;:&quot;one&quot;,&quot;n_accordion_animation_duration&quot;:{&quot;unit&quot;:&quot;ms&quot;,&quot;size&quot;:400,&quot;sizes&quot;:[]}}\" data-widget_type=\"nested-accordion.default\">\n\t\t\t\t\t\t\t<div class=\"e-n-accordion\" aria-label=\"Accordion. Open links with Enter or Space, close with Escape, and navigate with Arrow Keys\">\n\t\t\t\t\t\t<details id=\"e-n-accordion-item-2160\" class=\"e-n-accordion-item\" open>\n\t\t\t\t<summary class=\"e-n-accordion-item-title\" data-accordion-index=\"1\" tabindex=\"0\" aria-expanded=\"true\" aria-controls=\"e-n-accordion-item-2160\" >\n\t\t\t\t\t<span class='e-n-accordion-item-title-header'><div class=\"e-n-accordion-item-title-text\"> Investment Management <\/div><\/span>\n\t\t\t\t\t\t\t<span class='e-n-accordion-item-title-icon'>\n\t\t\t<span class='e-opened' ><svg aria-hidden=\"true\" class=\"e-font-icon-svg e-fas-minus\" viewBox=\"0 0 448 512\" xmlns=\"http:\/\/www.w3.org\/2000\/svg\"><path d=\"M416 208H32c-17.67 0-32 14.33-32 32v32c0 17.67 14.33 32 32 32h384c17.67 0 32-14.33 32-32v-32c0-17.67-14.33-32-32-32z\"><\/path><\/svg><\/span>\n\t\t\t<span class='e-closed'><svg aria-hidden=\"true\" class=\"e-font-icon-svg e-fas-plus\" viewBox=\"0 0 448 512\" xmlns=\"http:\/\/www.w3.org\/2000\/svg\"><path d=\"M416 208H272V64c0-17.67-14.33-32-32-32h-32c-17.67 0-32 14.33-32 32v144H32c-17.67 0-32 14.33-32 32v32c0 17.67 14.33 32 32 32h144v144c0 17.67 14.33 32 32 32h32c17.67 0 32-14.33 32-32V304h144c17.67 0 32-14.33 32-32v-32c0-17.67-14.33-32-32-32z\"><\/path><\/svg><\/span>\n\t\t<\/span>\n\n\t\t\t\t\t\t<\/summary>\n\t\t\t\t<div role=\"region\" aria-labelledby=\"e-n-accordion-item-2160\" class=\"elementor-element elementor-element-3e89ce0 e-con-full e-flex e-con e-child\" data-id=\"3e89ce0\" data-element_type=\"container\">\n\t\t<div role=\"region\" aria-labelledby=\"e-n-accordion-item-2160\" class=\"elementor-element elementor-element-bd9876f e-flex e-con-boxed e-con e-child\" data-id=\"bd9876f\" data-element_type=\"container\">\n\t\t\t\t\t<div class=\"e-con-inner\">\n\t\t\t\t<div class=\"elementor-element elementor-element-8250879 elementor-widget elementor-widget-text-editor\" data-id=\"8250879\" data-element_type=\"widget\" data-widget_type=\"text-editor.default\">\n\t\t\t\t\t\t\t\t\t<p>Wir identifizieren, strukturieren und managen Immobilieninvestitionen in den Bereichen <strong data-start=\"1111\" data-end=\"1161\">Core, Value-Add und Development<\/strong>.<\/p><p>Dank direkter Marktkenntnis und Zugang zu Entscheidungstr\u00e4gern verbinden wir Kapitalgeber mit den passenden Chancen \u2013 effizient, zielgerichtet und verl\u00e4sslich.<\/p><p>Unser Schwerpunkt liegt auf analytischer Pr\u00e4zision, strategischem Risikomanagement und vollst\u00e4ndiger Interessenangleichung \u2013 f\u00fcr nachhaltige, messbare Ergebnisse.<\/p>\t\t\t\t\t\t\t\t<\/div>\n\t\t\t\t\t<\/div>\n\t\t\t\t<\/div>\n\t\t\t\t<\/div>\n\t\t\t\t\t<\/details>\n\t\t\t\t\t\t<details id=\"e-n-accordion-item-2161\" class=\"e-n-accordion-item\" >\n\t\t\t\t<summary class=\"e-n-accordion-item-title\" data-accordion-index=\"2\" tabindex=\"-1\" aria-expanded=\"false\" aria-controls=\"e-n-accordion-item-2161\" >\n\t\t\t\t\t<span class='e-n-accordion-item-title-header'><div class=\"e-n-accordion-item-title-text\"> Projektentwicklung &amp; Realisierung <\/div><\/span>\n\t\t\t\t\t\t\t<span class='e-n-accordion-item-title-icon'>\n\t\t\t<span class='e-opened' ><svg aria-hidden=\"true\" class=\"e-font-icon-svg e-fas-minus\" viewBox=\"0 0 448 512\" xmlns=\"http:\/\/www.w3.org\/2000\/svg\"><path d=\"M416 208H32c-17.67 0-32 14.33-32 32v32c0 17.67 14.33 32 32 32h384c17.67 0 32-14.33 32-32v-32c0-17.67-14.33-32-32-32z\"><\/path><\/svg><\/span>\n\t\t\t<span class='e-closed'><svg aria-hidden=\"true\" class=\"e-font-icon-svg e-fas-plus\" viewBox=\"0 0 448 512\" xmlns=\"http:\/\/www.w3.org\/2000\/svg\"><path d=\"M416 208H272V64c0-17.67-14.33-32-32-32h-32c-17.67 0-32 14.33-32 32v144H32c-17.67 0-32 14.33-32 32v32c0 17.67 14.33 32 32 32h144v144c0 17.67 14.33 32 32 32h32c17.67 0 32-14.33 32-32V304h144c17.67 0 32-14.33 32-32v-32c0-17.67-14.33-32-32-32z\"><\/path><\/svg><\/span>\n\t\t<\/span>\n\n\t\t\t\t\t\t<\/summary>\n\t\t\t\t<div role=\"region\" aria-labelledby=\"e-n-accordion-item-2161\" class=\"elementor-element elementor-element-4b1c56f e-con-full e-flex e-con e-child\" data-id=\"4b1c56f\" data-element_type=\"container\">\n\t\t<div role=\"region\" aria-labelledby=\"e-n-accordion-item-2161\" class=\"elementor-element elementor-element-d84e9ad e-flex e-con-boxed e-con e-child\" data-id=\"d84e9ad\" data-element_type=\"container\">\n\t\t\t\t\t<div class=\"e-con-inner\">\n\t\t\t\t<div class=\"elementor-element elementor-element-02523c2 elementor-widget elementor-widget-text-editor\" data-id=\"02523c2\" data-element_type=\"widget\" data-widget_type=\"text-editor.default\">\n\t\t\t\t\t\t\t\t\t<p>Von der Grundst\u00fccksakquise bis zur \u00dcbergabe steuern wir jede Projektphase mit Fokus auf <strong data-start=\"1604\" data-end=\"1653\">Funktionalit\u00e4t, Nachhaltigkeit und Innovation<\/strong>.<\/p><p>Unser nutzerorientierter Ansatz stellt sicher, dass jedes Projekt auf die Anforderungen des zuk\u00fcnftigen Betreibers zugeschnitten ist \u2013 f\u00fcr operative und wirtschaftliche Exzellenz.<\/p><p>Ob Build-to-Suit oder spekulative Entwicklung: Wir schaffen <strong data-start=\"1878\" data-end=\"1913\">hochwertige, zukunftsf\u00e4hige Immobilien mit klarer Renditeperspektive<\/strong> und langfristiger Stabilit\u00e4t.<\/p>\t\t\t\t\t\t\t\t<\/div>\n\t\t\t\t\t<\/div>\n\t\t\t\t<\/div>\n\t\t\t\t<\/div>\n\t\t\t\t\t<\/details>\n\t\t\t\t\t\t<details id=\"e-n-accordion-item-2162\" class=\"e-n-accordion-item\" >\n\t\t\t\t<summary class=\"e-n-accordion-item-title\" data-accordion-index=\"3\" tabindex=\"-1\" aria-expanded=\"false\" aria-controls=\"e-n-accordion-item-2162\" >\n\t\t\t\t\t<span class='e-n-accordion-item-title-header'><div class=\"e-n-accordion-item-title-text\"> Asset- &amp; Portfoliomanagement <\/div><\/span>\n\t\t\t\t\t\t\t<span class='e-n-accordion-item-title-icon'>\n\t\t\t<span class='e-opened' ><svg aria-hidden=\"true\" class=\"e-font-icon-svg e-fas-minus\" viewBox=\"0 0 448 512\" xmlns=\"http:\/\/www.w3.org\/2000\/svg\"><path d=\"M416 208H32c-17.67 0-32 14.33-32 32v32c0 17.67 14.33 32 32 32h384c17.67 0 32-14.33 32-32v-32c0-17.67-14.33-32-32-32z\"><\/path><\/svg><\/span>\n\t\t\t<span class='e-closed'><svg aria-hidden=\"true\" class=\"e-font-icon-svg e-fas-plus\" viewBox=\"0 0 448 512\" xmlns=\"http:\/\/www.w3.org\/2000\/svg\"><path d=\"M416 208H272V64c0-17.67-14.33-32-32-32h-32c-17.67 0-32 14.33-32 32v144H32c-17.67 0-32 14.33-32 32v32c0 17.67 14.33 32 32 32h144v144c0 17.67 14.33 32 32 32h32c17.67 0 32-14.33 32-32V304h144c17.67 0 32-14.33 32-32v-32c0-17.67-14.33-32-32-32z\"><\/path><\/svg><\/span>\n\t\t<\/span>\n\n\t\t\t\t\t\t<\/summary>\n\t\t\t\t<div role=\"region\" aria-labelledby=\"e-n-accordion-item-2162\" class=\"elementor-element elementor-element-199f71b e-con-full e-flex e-con e-child\" data-id=\"199f71b\" data-element_type=\"container\">\n\t\t<div role=\"region\" aria-labelledby=\"e-n-accordion-item-2162\" class=\"elementor-element elementor-element-072cfbb e-flex e-con-boxed e-con e-child\" data-id=\"072cfbb\" data-element_type=\"container\">\n\t\t\t\t\t<div class=\"e-con-inner\">\n\t\t\t\t<div class=\"elementor-element elementor-element-1465fdc elementor-widget elementor-widget-text-editor\" data-id=\"1465fdc\" data-element_type=\"widget\" data-widget_type=\"text-editor.default\">\n\t\t\t\t\t\t\t\t\t<p>Wir maximieren den langfristigen Wert durch proaktives Asset- und Portfoliomanagement \u2013 strategische Vermietung, Repositionierung und operative Optimierung.<\/p><p>Mit unserer Methode <em data-start=\"2172\" data-end=\"2231\">\u201eFrom Demand to Asset \u2013 schnell, pr\u00e4zise, investitionssicher\u201c<\/em> richten wir jedes Objekt exakt auf die Ziele des Investors aus \u2013 mit dem richtigen Gleichgewicht zwischen Stabilit\u00e4t und Wachstum.<\/p><p>So entstehen Ergebnisse, die nachhaltig, nachvollziehbar und marktorientiert sind.<\/p>\t\t\t\t\t\t\t\t<\/div>\n\t\t\t\t\t<\/div>\n\t\t\t\t<\/div>\n\t\t\t\t<\/div>\n\t\t\t\t\t<\/details>\n\t\t\t\t\t<\/div>\n\t\t\t\t\t\t<\/div>\n\t\t\t\t<div class=\"elementor-element elementor-element-db0ee46 grg-elegant-accordion elementor-widget elementor-widget-n-accordion\" data-id=\"db0ee46\" data-element_type=\"widget\" data-settings=\"{&quot;default_state&quot;:&quot;expanded&quot;,&quot;max_items_expended&quot;:&quot;one&quot;,&quot;n_accordion_animation_duration&quot;:{&quot;unit&quot;:&quot;ms&quot;,&quot;size&quot;:400,&quot;sizes&quot;:[]}}\" data-widget_type=\"nested-accordion.default\">\n\t\t\t\t\t\t\t<div class=\"e-n-accordion\" aria-label=\"Accordion. Open links with Enter or Space, close with Escape, and navigate with Arrow Keys\">\n\t\t\t\t\t\t<details id=\"e-n-accordion-item-2290\" class=\"e-n-accordion-item\" open>\n\t\t\t\t<summary class=\"e-n-accordion-item-title\" data-accordion-index=\"1\" tabindex=\"0\" aria-expanded=\"true\" aria-controls=\"e-n-accordion-item-2290\" >\n\t\t\t\t\t<span class='e-n-accordion-item-title-header'><div class=\"e-n-accordion-item-title-text\"> Unser Selbstverst\u00e4ndnis <\/div><\/span>\n\t\t\t\t\t\t\t\t\t<\/summary>\n\t\t\t\t<div role=\"region\" aria-labelledby=\"e-n-accordion-item-2290\" class=\"elementor-element elementor-element-ab41c61 e-con-full e-flex e-con e-child\" data-id=\"ab41c61\" data-element_type=\"container\">\n\t\t<div role=\"region\" aria-labelledby=\"e-n-accordion-item-2290\" class=\"elementor-element elementor-element-0256db0 e-flex e-con-boxed e-con e-child\" data-id=\"0256db0\" data-element_type=\"container\">\n\t\t\t\t\t<div class=\"e-con-inner\">\n\t\t\t\t<div class=\"elementor-element elementor-element-5462962 elementor-widget elementor-widget-text-editor\" data-id=\"5462962\" data-element_type=\"widget\" data-widget_type=\"text-editor.default\">\n\t\t\t\t\t\t\t\t\t<p>Bei <strong data-start=\"2450\" data-end=\"2457\">GRG<\/strong> ist es unsere Mission, unseren Partnern durch wertorientierte, <strong data-start=\"2507\" data-end=\"2569\">hochwertige Logistikimmobilienl\u00f6sungen<\/strong> echten Mehrwert zu bieten.<\/p><p>Egal ob Investor, Kommune oder Nutzer \u2013 wir sind Ihr verl\u00e4sslicher Partner f\u00fcr <strong data-start=\"2753\" data-end=\"2794\">Qualit\u00e4t, Innovation und Integrit\u00e4t<\/strong>.<\/p><p>Nachhaltigkeit ist in jedem Projekt fest verankert \u2013 durch ESG-konforme Planung, erh\u00f6hte Energieeffizienz und eine konsequent<strong data-start=\"2852\" data-end=\"2940\"> ressourcenschonende Bauweise<\/strong> als Grundprinzipien unseres Handelns.<\/p><p><a class=\"about-cta-link\" href=\"https:\/\/grg-partners.com\/de\/dienstleistungen\/was-wir-tun\/\"><em>Erfahren Sie mehr \u2192<\/em><\/a><\/p>\t\t\t\t\t\t\t\t<\/div>\n\t\t\t\t\t<\/div>\n\t\t\t\t<\/div>\n\t\t\t\t<\/div>\n\t\t\t\t\t<\/details>\n\t\t\t\t\t<\/div>\n\t\t\t\t\t\t<\/div>\n\t\t\t\t<\/div>\n\t\t\t\t<\/div>\n\t\t\t\t<\/div>\n\t\t","protected":false},"excerpt":{"rendered":"<p>Leistungen Integrierte L\u00f6sungen, nachhaltiger Wert Bei GRG bieten wir integrierte Immobilienl\u00f6sungen, die den Wert entlang des gesamten Investitionszyklus optimieren. Durch die Kombination aus institutioneller Disziplin und unternehmerischer Agilit\u00e4t steuern wir komplexe Logistik- und Industrieprojekte mit Pr\u00e4zision, Innovationskraft und Fokus auf nachhaltiges Wachstum. Integrierte L\u00f6sungen, nachhaltiger Wert Bei GRG bieten wir integrierte Immobilienl\u00f6sungen, die den Wert [&hellip;]<\/p>\n","protected":false},"author":1,"featured_media":0,"parent":0,"menu_order":0,"comment_status":"closed","ping_status":"closed","template":"elementor_header_footer","meta":{"_eb_attr":"","footnotes":""},"class_list":["post-5085","page","type-page","status-publish","hentry"],"_links":{"self":[{"href":"https:\/\/grg-partners.com\/de\/wp-json\/wp\/v2\/pages\/5085","targetHints":{"allow":["GET"]}}],"collection":[{"href":"https:\/\/grg-partners.com\/de\/wp-json\/wp\/v2\/pages"}],"about":[{"href":"https:\/\/grg-partners.com\/de\/wp-json\/wp\/v2\/types\/page"}],"author":[{"embeddable":true,"href":"https:\/\/grg-partners.com\/de\/wp-json\/wp\/v2\/users\/1"}],"replies":[{"embeddable":true,"href":"https:\/\/grg-partners.com\/de\/wp-json\/wp\/v2\/comments?post=5085"}],"version-history":[{"count":10,"href":"https:\/\/grg-partners.com\/de\/wp-json\/wp\/v2\/pages\/5085\/revisions"}],"predecessor-version":[{"id":6341,"href":"https:\/\/grg-partners.com\/de\/wp-json\/wp\/v2\/pages\/5085\/revisions\/6341"}],"wp:attachment":[{"href":"https:\/\/grg-partners.com\/de\/wp-json\/wp\/v2\/media?parent=5085"}],"curies":[{"name":"wp","href":"https:\/\/api.w.org\/{rel}","templated":true}]}}