{"id":5088,"date":"2025-07-14T22:38:45","date_gmt":"2025-07-14T20:38:45","guid":{"rendered":"https:\/\/grg-partners.com\/dienstleistungen\/esg-innovation\/"},"modified":"2025-10-26T10:16:42","modified_gmt":"2025-10-26T09:16:42","slug":"esg-innovation","status":"publish","type":"page","link":"https:\/\/grg-partners.com\/de\/dienstleistungen\/esg-innovation\/","title":{"rendered":"Esg Innovation"},"content":{"rendered":"\t\t<div data-elementor-type=\"wp-page\" data-elementor-id=\"5088\" class=\"elementor elementor-5088 elementor-347\">\n\t\t\t\t<div class=\"elementor-element elementor-element-2c74519 e-con-full e-flex e-con e-parent\" data-id=\"2c74519\" data-element_type=\"container\">\n\t\t<div class=\"elementor-element elementor-element-dec9b8e e-con-full grg-hero-background e-flex e-con e-child\" data-id=\"dec9b8e\" data-element_type=\"container\">\n\t\t\t\t<div class=\"elementor-element elementor-element-64edfaa elementor-widget__width-auto elementor-widget elementor-widget-html\" data-id=\"64edfaa\" data-element_type=\"widget\" data-widget_type=\"html.default\">\n\t\t\t\t\t<div class=\"grg-bg-emblems\">\n  <div class=\"grg-bg-emblem\"><\/div>\n  <div class=\"grg-bg-emblem\"><\/div>\n  <div class=\"grg-bg-emblem\"><\/div>\n  <div class=\"grg-bg-emblem\"><\/div>\n  <div class=\"grg-bg-emblem\"><\/div>\n  <div class=\"grg-bg-emblem\"><\/div>\n<\/div>\t\t\t\t<\/div>\n\t\t\t\t<div class=\"elementor-element elementor-element-34d80cf grg-elegant-accordion elementor-widget elementor-widget-n-accordion\" data-id=\"34d80cf\" data-element_type=\"widget\" data-settings=\"{&quot;default_state&quot;:&quot;expanded&quot;,&quot;max_items_expended&quot;:&quot;one&quot;,&quot;n_accordion_animation_duration&quot;:{&quot;unit&quot;:&quot;ms&quot;,&quot;size&quot;:400,&quot;sizes&quot;:[]}}\" data-widget_type=\"nested-accordion.default\">\n\t\t\t\t\t\t\t<div class=\"e-n-accordion\" aria-label=\"Accordion. Open links with Enter or Space, close with Escape, and navigate with Arrow Keys\">\n\t\t\t\t\t\t<details id=\"e-n-accordion-item-5540\" class=\"e-n-accordion-item\" open>\n\t\t\t\t<summary class=\"e-n-accordion-item-title\" data-accordion-index=\"1\" tabindex=\"0\" aria-expanded=\"true\" aria-controls=\"e-n-accordion-item-5540\" >\n\t\t\t\t\t<span class='e-n-accordion-item-title-header'><div class=\"e-n-accordion-item-title-text\"> Nachhaltigkeit <\/div><\/span>\n\t\t\t\t\t\t\t\t\t<\/summary>\n\t\t\t\t<div role=\"region\" aria-labelledby=\"e-n-accordion-item-5540\" class=\"elementor-element elementor-element-ff922d5 e-con-full e-flex e-con e-child\" data-id=\"ff922d5\" data-element_type=\"container\">\n\t\t<div role=\"region\" aria-labelledby=\"e-n-accordion-item-5540\" class=\"elementor-element elementor-element-4d069ea e-flex e-con-boxed e-con e-child\" data-id=\"4d069ea\" data-element_type=\"container\">\n\t\t\t\t\t<div class=\"e-con-inner\">\n\t\t\t\t<div class=\"elementor-element elementor-element-18f049e elementor-widget elementor-widget-text-editor\" data-id=\"18f049e\" data-element_type=\"widget\" data-widget_type=\"text-editor.default\">\n\t\t\t\t\t\t\t\t\t<h3 data-start=\"690\" data-end=\"764\"><strong data-start=\"694\" data-end=\"762\">Zukunftsf\u00e4hige Logistik \u2013 verantwortungsvoll, innovativ, gemeinsam.<\/strong><\/h3><p data-start=\"765\" data-end=\"1089\">Bei <strong data-start=\"768\" data-end=\"775\">GRG <\/strong>ist Nachhaltigkeit keine Checkliste, sondern Teil unserer Unternehmenskultur.<\/p><p data-start=\"765\" data-end=\"1089\">Wir verankern ESG-Prinzipien in jeder Entscheidung und schaffen Logistikimmobilien, die Effizienz, Resilienz und langfristige Wertsch\u00f6pfung verbinden.<\/p><p data-start=\"765\" data-end=\"1089\">Jedes Projekt ist eine Chance, eine bessere und verantwortungsvollere Zukunft f\u00fcr unsere Kunden, Gemeinden und die Umwelt zu gestalten.<\/p>\t\t\t\t\t\t\t\t<\/div>\n\t\t\t\t<div class=\"elementor-element elementor-element-de34d04 elementor-widget elementor-widget-image\" data-id=\"de34d04\" data-element_type=\"widget\" data-widget_type=\"image.default\">\n\t\t\t\t\t\t\t\t\t\t\t\t\t\t\t<img fetchpriority=\"high\" decoding=\"async\" width=\"1024\" height=\"683\" src=\"https:\/\/grg-partners.com\/wp-content\/uploads\/2025\/10\/GRG_PROPERTIES_01-1024x683.jpg\" class=\"attachment-large size-large wp-image-5858\" alt=\"\" srcset=\"https:\/\/grg-partners.com\/wp-content\/uploads\/2025\/10\/GRG_PROPERTIES_01-1024x683.jpg 1024w, https:\/\/grg-partners.com\/wp-content\/uploads\/2025\/10\/GRG_PROPERTIES_01-300x200.jpg 300w, https:\/\/grg-partners.com\/wp-content\/uploads\/2025\/10\/GRG_PROPERTIES_01-768x512.jpg 768w, https:\/\/grg-partners.com\/wp-content\/uploads\/2025\/10\/GRG_PROPERTIES_01-1536x1024.jpg 1536w, https:\/\/grg-partners.com\/wp-content\/uploads\/2025\/10\/GRG_PROPERTIES_01-2048x1365.jpg 2048w\" sizes=\"(max-width: 1024px) 100vw, 1024px\" \/>\t\t\t\t\t\t\t\t\t\t\t\t\t\t\t<\/div>\n\t\t\t\t\t<\/div>\n\t\t\t\t<\/div>\n\t\t\t\t<\/div>\n\t\t\t\t\t<\/details>\n\t\t\t\t\t<\/div>\n\t\t\t\t\t\t<\/div>\n\t\t\t\t<div class=\"elementor-element elementor-element-67bef97 grg-elegant-accordion elementor-widget elementor-widget-n-accordion\" data-id=\"67bef97\" data-element_type=\"widget\" data-settings=\"{&quot;default_state&quot;:&quot;expanded&quot;,&quot;max_items_expended&quot;:&quot;one&quot;,&quot;n_accordion_animation_duration&quot;:{&quot;unit&quot;:&quot;ms&quot;,&quot;size&quot;:400,&quot;sizes&quot;:[]}}\" data-widget_type=\"nested-accordion.default\">\n\t\t\t\t\t\t\t<div class=\"e-n-accordion\" aria-label=\"Accordion. Open links with Enter or Space, close with Escape, and navigate with Arrow Keys\">\n\t\t\t\t\t\t<details id=\"e-n-accordion-item-1080\" class=\"e-n-accordion-item\" open>\n\t\t\t\t<summary class=\"e-n-accordion-item-title\" data-accordion-index=\"1\" tabindex=\"0\" aria-expanded=\"true\" aria-controls=\"e-n-accordion-item-1080\" >\n\t\t\t\t\t<span class='e-n-accordion-item-title-header'><div class=\"e-n-accordion-item-title-text\"> Strategie <\/div><\/span>\n\t\t\t\t\t\t\t<span class='e-n-accordion-item-title-icon'>\n\t\t\t<span class='e-opened' ><svg aria-hidden=\"true\" class=\"e-font-icon-svg e-fas-minus\" viewBox=\"0 0 448 512\" xmlns=\"http:\/\/www.w3.org\/2000\/svg\"><path d=\"M416 208H32c-17.67 0-32 14.33-32 32v32c0 17.67 14.33 32 32 32h384c17.67 0 32-14.33 32-32v-32c0-17.67-14.33-32-32-32z\"><\/path><\/svg><\/span>\n\t\t\t<span class='e-closed'><svg aria-hidden=\"true\" class=\"e-font-icon-svg e-fas-plus\" viewBox=\"0 0 448 512\" xmlns=\"http:\/\/www.w3.org\/2000\/svg\"><path d=\"M416 208H272V64c0-17.67-14.33-32-32-32h-32c-17.67 0-32 14.33-32 32v144H32c-17.67 0-32 14.33-32 32v32c0 17.67 14.33 32 32 32h144v144c0 17.67 14.33 32 32 32h32c17.67 0 32-14.33 32-32V304h144c17.67 0 32-14.33 32-32v-32c0-17.67-14.33-32-32-32z\"><\/path><\/svg><\/span>\n\t\t<\/span>\n\n\t\t\t\t\t\t<\/summary>\n\t\t\t\t<div role=\"region\" aria-labelledby=\"e-n-accordion-item-1080\" class=\"elementor-element elementor-element-6bfccb3 e-con-full e-flex e-con e-child\" data-id=\"6bfccb3\" data-element_type=\"container\">\n\t\t<div role=\"region\" aria-labelledby=\"e-n-accordion-item-1080\" class=\"elementor-element elementor-element-5df45b5 e-flex e-con-boxed e-con e-child\" data-id=\"5df45b5\" data-element_type=\"container\">\n\t\t\t\t\t<div class=\"e-con-inner\">\n\t\t\t\t<div class=\"elementor-element elementor-element-52909db elementor-widget elementor-widget-text-editor\" data-id=\"52909db\" data-element_type=\"widget\" data-widget_type=\"text-editor.default\">\n\t\t\t\t\t\t\t\t\t<p data-start=\"1115\" data-end=\"1464\">Nachhaltigkeit ist f\u00fcr uns sowohl <strong data-start=\"1150\" data-end=\"1196\">Verantwortung als auch Wettbewerbsvorteil<\/strong>.<\/p><p data-start=\"1115\" data-end=\"1464\">Unser ESG-Rahmenwerk treibt eine kontinuierliche Verbesserung entlang des gesamten Zyklus an \u2013 von der <strong data-start=\"1273\" data-end=\"1321\">Masterplanung bis zum langfristigen Asset-Management<\/strong>.<\/p><p data-start=\"1115\" data-end=\"1464\">Jedes Projekt wird an den sich wandelnden Anforderungen von Investoren, Nutzern und Regulatoren gemessen \u2013 mit klaren Kennzahlen und nachweisbarer Wirkung.<\/p><p data-start=\"1466\" data-end=\"1799\"><strong data-start=\"1466\" data-end=\"1489\">Zertifizierte Qualit\u00e4t<\/strong><br data-start=\"1489\" data-end=\"1492\">Wir streben f\u00fchrende internationale Zertifizierungen wie <strong data-start=\"1547\" data-end=\"1568\">DGNB Gold, BREEAM<\/strong> und <strong data-start=\"1574\" data-end=\"1582\">LEED<\/strong> an \u2013 unabh\u00e4ngige Nachweise f\u00fcr Qualit\u00e4t, Wohlbefinden und \u00f6kologische Leistung.<\/p><p data-start=\"1466\" data-end=\"1799\">Doch wichtiger als Zertifikate sind die Ergebnisse: geringerer Energieverbrauch, reduzierte Lebenszykluskosten und nachhaltiger Mehrwert f\u00fcr Standort und Gesellschaft.<\/p>\t\t\t\t\t\t\t\t<\/div>\n\t\t\t\t\t<\/div>\n\t\t\t\t<\/div>\n\t\t\t\t<\/div>\n\t\t\t\t\t<\/details>\n\t\t\t\t\t\t<details id=\"e-n-accordion-item-1081\" class=\"e-n-accordion-item\" >\n\t\t\t\t<summary class=\"e-n-accordion-item-title\" data-accordion-index=\"2\" tabindex=\"-1\" aria-expanded=\"false\" aria-controls=\"e-n-accordion-item-1081\" >\n\t\t\t\t\t<span class='e-n-accordion-item-title-header'><div class=\"e-n-accordion-item-title-text\"> Fl\u00e4chen &amp; Boden <\/div><\/span>\n\t\t\t\t\t\t\t<span class='e-n-accordion-item-title-icon'>\n\t\t\t<span class='e-opened' ><svg aria-hidden=\"true\" class=\"e-font-icon-svg e-fas-minus\" viewBox=\"0 0 448 512\" xmlns=\"http:\/\/www.w3.org\/2000\/svg\"><path d=\"M416 208H32c-17.67 0-32 14.33-32 32v32c0 17.67 14.33 32 32 32h384c17.67 0 32-14.33 32-32v-32c0-17.67-14.33-32-32-32z\"><\/path><\/svg><\/span>\n\t\t\t<span class='e-closed'><svg aria-hidden=\"true\" class=\"e-font-icon-svg e-fas-plus\" viewBox=\"0 0 448 512\" xmlns=\"http:\/\/www.w3.org\/2000\/svg\"><path d=\"M416 208H272V64c0-17.67-14.33-32-32-32h-32c-17.67 0-32 14.33-32 32v144H32c-17.67 0-32 14.33-32 32v32c0 17.67 14.33 32 32 32h144v144c0 17.67 14.33 32 32 32h32c17.67 0 32-14.33 32-32V304h144c17.67 0 32-14.33 32-32v-32c0-17.67-14.33-32-32-32z\"><\/path><\/svg><\/span>\n\t\t<\/span>\n\n\t\t\t\t\t\t<\/summary>\n\t\t\t\t<div role=\"region\" aria-labelledby=\"e-n-accordion-item-1081\" class=\"elementor-element elementor-element-65c6476 e-con-full e-flex e-con e-child\" data-id=\"65c6476\" data-element_type=\"container\">\n\t\t<div role=\"region\" aria-labelledby=\"e-n-accordion-item-1081\" class=\"elementor-element elementor-element-74a9011 e-flex e-con-boxed e-con e-child\" data-id=\"74a9011\" data-element_type=\"container\">\n\t\t\t\t\t<div class=\"e-con-inner\">\n\t\t\t\t<div class=\"elementor-element elementor-element-6093ba7 elementor-widget elementor-widget-text-editor\" data-id=\"6093ba7\" data-element_type=\"widget\" data-widget_type=\"text-editor.default\">\n\t\t\t\t\t\t\t\t\t<p>Wir \u00fcbernehmen Verantwortung f\u00fcr den sorgsamen Umgang mit Land.<\/p><p>Durch die Fokussierung auf <strong data-start=\"1883\" data-end=\"1911\">Brownfield-Revitalisierung<\/strong> und die Reaktivierung ungenutzter Industriefl\u00e4chen verwandeln wir Herausforderungen in Chancen.<\/p><p>Unsere Projekte f\u00f6rdern Biodiversit\u00e4t, ber\u00fccksichtigen nachhaltige Regenwasser- und Ressourcenbewirtschaftung und schaffen dauerhaften Nutzen f\u00fcr lokale Gemeinschaften.<\/p>\t\t\t\t\t\t\t\t<\/div>\n\t\t\t\t\t<\/div>\n\t\t\t\t<\/div>\n\t\t\t\t<\/div>\n\t\t\t\t\t<\/details>\n\t\t\t\t\t\t<details id=\"e-n-accordion-item-1082\" class=\"e-n-accordion-item\" >\n\t\t\t\t<summary class=\"e-n-accordion-item-title\" data-accordion-index=\"3\" tabindex=\"-1\" aria-expanded=\"false\" aria-controls=\"e-n-accordion-item-1082\" >\n\t\t\t\t\t<span class='e-n-accordion-item-title-header'><div class=\"e-n-accordion-item-title-text\"> Energie <\/div><\/span>\n\t\t\t\t\t\t\t<span class='e-n-accordion-item-title-icon'>\n\t\t\t<span class='e-opened' ><svg aria-hidden=\"true\" class=\"e-font-icon-svg e-fas-minus\" viewBox=\"0 0 448 512\" xmlns=\"http:\/\/www.w3.org\/2000\/svg\"><path d=\"M416 208H32c-17.67 0-32 14.33-32 32v32c0 17.67 14.33 32 32 32h384c17.67 0 32-14.33 32-32v-32c0-17.67-14.33-32-32-32z\"><\/path><\/svg><\/span>\n\t\t\t<span class='e-closed'><svg aria-hidden=\"true\" class=\"e-font-icon-svg e-fas-plus\" viewBox=\"0 0 448 512\" xmlns=\"http:\/\/www.w3.org\/2000\/svg\"><path d=\"M416 208H272V64c0-17.67-14.33-32-32-32h-32c-17.67 0-32 14.33-32 32v144H32c-17.67 0-32 14.33-32 32v32c0 17.67 14.33 32 32 32h144v144c0 17.67 14.33 32 32 32h32c17.67 0 32-14.33 32-32V304h144c17.67 0 32-14.33 32-32v-32c0-17.67-14.33-32-32-32z\"><\/path><\/svg><\/span>\n\t\t<\/span>\n\n\t\t\t\t\t\t<\/summary>\n\t\t\t\t<div role=\"region\" aria-labelledby=\"e-n-accordion-item-1082\" class=\"elementor-element elementor-element-63a0eb9 e-con-full e-flex e-con e-child\" data-id=\"63a0eb9\" data-element_type=\"container\">\n\t\t<div role=\"region\" aria-labelledby=\"e-n-accordion-item-1082\" class=\"elementor-element elementor-element-0b26f7d e-flex e-con-boxed e-con e-child\" data-id=\"0b26f7d\" data-element_type=\"container\">\n\t\t\t\t\t<div class=\"e-con-inner\">\n\t\t\t\t<div class=\"elementor-element elementor-element-f00aa02 elementor-widget elementor-widget-text-editor\" data-id=\"f00aa02\" data-element_type=\"widget\" data-widget_type=\"text-editor.default\">\n\t\t\t\t\t\t\t\t\t<p>Energieeffizienz beginnt bei uns bereits in der Planung.<\/p><p>Wir integrieren moderne <strong data-start=\"2273\" data-end=\"2311\">Energiemanagement-Systeme<\/strong>, erneuerbare Energiequellen vor Ort und leistungsf\u00e4hige Geb\u00e4udeh\u00fcllen.<\/p><p>Mit intelligentem Design und datenbasierter Betriebsf\u00fchrung kommen wir Schritt f\u00fcr Schritt einer <strong data-start=\"2470\" data-end=\"2499\">klimaneutralen Logistik<\/strong> n\u00e4her \u2013 bei geringeren Emissionen, Kosten und Umweltbelastungen.<\/p>\t\t\t\t\t\t\t\t<\/div>\n\t\t\t\t\t<\/div>\n\t\t\t\t<\/div>\n\t\t\t\t<\/div>\n\t\t\t\t\t<\/details>\n\t\t\t\t\t\t<details id=\"e-n-accordion-item-1083\" class=\"e-n-accordion-item\" >\n\t\t\t\t<summary class=\"e-n-accordion-item-title\" data-accordion-index=\"4\" tabindex=\"-1\" aria-expanded=\"false\" aria-controls=\"e-n-accordion-item-1083\" >\n\t\t\t\t\t<span class='e-n-accordion-item-title-header'><div class=\"e-n-accordion-item-title-text\"> Materialien <\/div><\/span>\n\t\t\t\t\t\t\t<span class='e-n-accordion-item-title-icon'>\n\t\t\t<span class='e-opened' ><svg aria-hidden=\"true\" class=\"e-font-icon-svg e-fas-minus\" viewBox=\"0 0 448 512\" xmlns=\"http:\/\/www.w3.org\/2000\/svg\"><path d=\"M416 208H32c-17.67 0-32 14.33-32 32v32c0 17.67 14.33 32 32 32h384c17.67 0 32-14.33 32-32v-32c0-17.67-14.33-32-32-32z\"><\/path><\/svg><\/span>\n\t\t\t<span class='e-closed'><svg aria-hidden=\"true\" class=\"e-font-icon-svg e-fas-plus\" viewBox=\"0 0 448 512\" xmlns=\"http:\/\/www.w3.org\/2000\/svg\"><path d=\"M416 208H272V64c0-17.67-14.33-32-32-32h-32c-17.67 0-32 14.33-32 32v144H32c-17.67 0-32 14.33-32 32v32c0 17.67 14.33 32 32 32h144v144c0 17.67 14.33 32 32 32h32c17.67 0 32-14.33 32-32V304h144c17.67 0 32-14.33 32-32v-32c0-17.67-14.33-32-32-32z\"><\/path><\/svg><\/span>\n\t\t<\/span>\n\n\t\t\t\t\t\t<\/summary>\n\t\t\t\t<div role=\"region\" aria-labelledby=\"e-n-accordion-item-1083\" class=\"elementor-element elementor-element-fcc0b49 e-flex e-con-boxed e-con e-child\" data-id=\"fcc0b49\" data-element_type=\"container\">\n\t\t\t\t\t<div class=\"e-con-inner\">\n\t\t<div role=\"region\" aria-labelledby=\"e-n-accordion-item-1083\" class=\"elementor-element elementor-element-fbd9192 e-con-full e-flex e-con e-child\" data-id=\"fbd9192\" data-element_type=\"container\">\n\t\t\t\t<div class=\"elementor-element elementor-element-af2cf91 elementor-widget elementor-widget-text-editor\" data-id=\"af2cf91\" data-element_type=\"widget\" data-widget_type=\"text-editor.default\">\n\t\t\t\t\t\t\t\t\t<p>Wir stehen f\u00fcr <strong data-start=\"2629\" data-end=\"2654\">zirkul\u00e4res Bauen<\/strong>.<\/p><p>Das bedeutet: nachhaltige Materialbeschaffung, modulare und <strong data-start=\"2725\" data-end=\"2758\">CO\u2082-arme Konstruktionsl\u00f6sungen<\/strong> sowie Planung auf Langlebigkeit und Anpassungsf\u00e4higkeit.<\/p><p>Unsere Beschaffung ist transparent und verantwortungsvoll \u2013 f\u00fcr Geb\u00e4ude, die ressourcenschonend, robust und wandelbar bleiben.<\/p>\t\t\t\t\t\t\t\t<\/div>\n\t\t\t\t<\/div>\n\t\t\t\t\t<\/div>\n\t\t\t\t<\/div>\n\t\t\t\t\t<\/details>\n\t\t\t\t\t\t<details id=\"e-n-accordion-item-1084\" class=\"e-n-accordion-item\" >\n\t\t\t\t<summary class=\"e-n-accordion-item-title\" data-accordion-index=\"5\" tabindex=\"-1\" aria-expanded=\"false\" aria-controls=\"e-n-accordion-item-1084\" >\n\t\t\t\t\t<span class='e-n-accordion-item-title-header'><div class=\"e-n-accordion-item-title-text\"> Menschen &amp; Unternehmensf\u00fchrung <\/div><\/span>\n\t\t\t\t\t\t\t<span class='e-n-accordion-item-title-icon'>\n\t\t\t<span class='e-opened' ><svg aria-hidden=\"true\" class=\"e-font-icon-svg e-fas-minus\" viewBox=\"0 0 448 512\" xmlns=\"http:\/\/www.w3.org\/2000\/svg\"><path d=\"M416 208H32c-17.67 0-32 14.33-32 32v32c0 17.67 14.33 32 32 32h384c17.67 0 32-14.33 32-32v-32c0-17.67-14.33-32-32-32z\"><\/path><\/svg><\/span>\n\t\t\t<span class='e-closed'><svg aria-hidden=\"true\" class=\"e-font-icon-svg e-fas-plus\" viewBox=\"0 0 448 512\" xmlns=\"http:\/\/www.w3.org\/2000\/svg\"><path d=\"M416 208H272V64c0-17.67-14.33-32-32-32h-32c-17.67 0-32 14.33-32 32v144H32c-17.67 0-32 14.33-32 32v32c0 17.67 14.33 32 32 32h144v144c0 17.67 14.33 32 32 32h32c17.67 0 32-14.33 32-32V304h144c17.67 0 32-14.33 32-32v-32c0-17.67-14.33-32-32-32z\"><\/path><\/svg><\/span>\n\t\t<\/span>\n\n\t\t\t\t\t\t<\/summary>\n\t\t\t\t<div role=\"region\" aria-labelledby=\"e-n-accordion-item-1084\" class=\"elementor-element elementor-element-3eeec75 e-flex e-con-boxed e-con e-child\" data-id=\"3eeec75\" data-element_type=\"container\">\n\t\t\t\t\t<div class=\"e-con-inner\">\n\t\t<div role=\"region\" aria-labelledby=\"e-n-accordion-item-1084\" class=\"elementor-element elementor-element-04d919a e-con-full e-flex e-con e-child\" data-id=\"04d919a\" data-element_type=\"container\">\n\t\t\t\t<div class=\"elementor-element elementor-element-0dccfbf elementor-widget elementor-widget-text-editor\" data-id=\"0dccfbf\" data-element_type=\"widget\" data-widget_type=\"text-editor.default\">\n\t\t\t\t\t\t\t\t\t<p>Menschen und Integrit\u00e4t stehen im Mittelpunkt unserer Nachhaltigkeitsstrategie.<\/p><p>Wir f\u00f6rdern sichere, inklusive und <strong data-start=\"3051\" data-end=\"3104\">gesunde Arbeitsumgebungen<\/strong> und pflegen eine Unternehmensf\u00fchrung, die auf Transparenz, Verantwortlichkeit und Zusammenarbeit basiert.<\/p><p>Im offenen Dialog mit Partnern, Nutzern und Gemeinden schaffen wir Projekte, die einen <strong data-start=\"3306\" data-end=\"3334\">positiven und bleibenden Beitrag leisten<\/strong>.<\/p>\t\t\t\t\t\t\t\t<\/div>\n\t\t\t\t<\/div>\n\t\t\t\t\t<\/div>\n\t\t\t\t<\/div>\n\t\t\t\t\t<\/details>\n\t\t\t\t\t<\/div>\n\t\t\t\t\t\t<\/div>\n\t\t\t\t<div class=\"elementor-element elementor-element-ee6419c grg-elegant-accordion elementor-widget elementor-widget-n-accordion\" data-id=\"ee6419c\" data-element_type=\"widget\" data-settings=\"{&quot;default_state&quot;:&quot;expanded&quot;,&quot;max_items_expended&quot;:&quot;one&quot;,&quot;n_accordion_animation_duration&quot;:{&quot;unit&quot;:&quot;ms&quot;,&quot;size&quot;:400,&quot;sizes&quot;:[]}}\" data-widget_type=\"nested-accordion.default\">\n\t\t\t\t\t\t\t<div class=\"e-n-accordion\" aria-label=\"Accordion. Open links with Enter or Space, close with Escape, and navigate with Arrow Keys\">\n\t\t\t\t\t\t<details id=\"e-n-accordion-item-2490\" class=\"e-n-accordion-item\" open>\n\t\t\t\t<summary class=\"e-n-accordion-item-title\" data-accordion-index=\"1\" tabindex=\"0\" aria-expanded=\"true\" aria-controls=\"e-n-accordion-item-2490\" >\n\t\t\t\t\t<span class='e-n-accordion-item-title-header'><div class=\"e-n-accordion-item-title-text\">  <\/div><\/span>\n\t\t\t\t\t\t\t\t\t<\/summary>\n\t\t\t\t<div role=\"region\" aria-labelledby=\"e-n-accordion-item-2490\" class=\"elementor-element elementor-element-dd2634e e-con-full e-flex e-con e-child\" data-id=\"dd2634e\" data-element_type=\"container\">\n\t\t<div role=\"region\" aria-labelledby=\"e-n-accordion-item-2490\" class=\"elementor-element elementor-element-45381dc e-flex e-con-boxed e-con e-child\" data-id=\"45381dc\" data-element_type=\"container\">\n\t\t\t\t\t<div class=\"e-con-inner\">\n\t\t\t\t<div class=\"elementor-element elementor-element-d912f9a elementor-widget elementor-widget-text-editor\" data-id=\"d912f9a\" data-element_type=\"widget\" data-widget_type=\"text-editor.default\">\n\t\t\t\t\t\t\t\t\t<h3 data-start=\"3344\" data-end=\"3374\"><strong data-start=\"3348\" data-end=\"3372\">Den Ma\u00dfstab erh\u00f6hen<\/strong><\/h3><p data-start=\"3375\" data-end=\"3675\">Bei <strong data-start=\"3378\" data-end=\"3385\">GRG <\/strong>bedeutet Nachhaltigkeit, den <strong data-start=\"3408\" data-end=\"3427\">Ma\u00dfstab zu erh\u00f6hen<\/strong> \u2013 f\u00fcr uns selbst und f\u00fcr die Branche.<\/p><p data-start=\"3375\" data-end=\"3675\">Durch internationale Best-Practice-Ans\u00e4tze, unabh\u00e4ngige Zertifizierungen und echte Fortschrittsorientierung schaffen wir Logistikimmobilien, die dauerhaft Bestand haben \u2013 <strong data-start=\"3624\" data-end=\"3673\">f\u00fcr Menschen, Wirtschaft und Umwelt<\/strong>.<\/p><p><em><strong><a class=\"about-cta-link\" href=\"https:\/\/grg-partners.com\/de\/dienstleistungen\/\">\u2190 Zur\u00fcck<\/a><\/strong><\/em><\/p>\t\t\t\t\t\t\t\t<\/div>\n\t\t\t\t\t<\/div>\n\t\t\t\t<\/div>\n\t\t\t\t<\/div>\n\t\t\t\t\t<\/details>\n\t\t\t\t\t<\/div>\n\t\t\t\t\t\t<\/div>\n\t\t\t\t<\/div>\n\t\t\t\t<\/div>\n\t\t\t\t<\/div>\n\t\t","protected":false},"excerpt":{"rendered":"<p>Nachhaltigkeit Zukunftsf\u00e4hige Logistik \u2013 verantwortungsvoll, innovativ, gemeinsam. Bei GRG ist Nachhaltigkeit keine Checkliste, sondern Teil unserer Unternehmenskultur. Wir verankern ESG-Prinzipien in jeder Entscheidung und schaffen Logistikimmobilien, die Effizienz, Resilienz und langfristige Wertsch\u00f6pfung verbinden. Jedes Projekt ist eine Chance, eine bessere und verantwortungsvollere Zukunft f\u00fcr unsere Kunden, Gemeinden und die Umwelt zu gestalten. Zukunftsf\u00e4hige Logistik \u2013 [&hellip;]<\/p>\n","protected":false},"author":1,"featured_media":0,"parent":5085,"menu_order":0,"comment_status":"closed","ping_status":"closed","template":"elementor_header_footer","meta":{"_eb_attr":"","footnotes":""},"class_list":["post-5088","page","type-page","status-publish","hentry"],"_links":{"self":[{"href":"https:\/\/grg-partners.com\/de\/wp-json\/wp\/v2\/pages\/5088","targetHints":{"allow":["GET"]}}],"collection":[{"href":"https:\/\/grg-partners.com\/de\/wp-json\/wp\/v2\/pages"}],"about":[{"href":"https:\/\/grg-partners.com\/de\/wp-json\/wp\/v2\/types\/page"}],"author":[{"embeddable":true,"href":"https:\/\/grg-partners.com\/de\/wp-json\/wp\/v2\/users\/1"}],"replies":[{"embeddable":true,"href":"https:\/\/grg-partners.com\/de\/wp-json\/wp\/v2\/comments?post=5088"}],"version-history":[{"count":9,"href":"https:\/\/grg-partners.com\/de\/wp-json\/wp\/v2\/pages\/5088\/revisions"}],"predecessor-version":[{"id":6343,"href":"https:\/\/grg-partners.com\/de\/wp-json\/wp\/v2\/pages\/5088\/revisions\/6343"}],"up":[{"embeddable":true,"href":"https:\/\/grg-partners.com\/de\/wp-json\/wp\/v2\/pages\/5085"}],"wp:attachment":[{"href":"https:\/\/grg-partners.com\/de\/wp-json\/wp\/v2\/media?parent=5088"}],"curies":[{"name":"wp","href":"https:\/\/api.w.org\/{rel}","templated":true}]}}