{"id":5090,"date":"2025-07-14T21:23:20","date_gmt":"2025-07-14T19:23:20","guid":{"rendered":"https:\/\/grg-partners.com\/dienstleistungen\/erfolgsbilanz\/"},"modified":"2025-10-26T10:24:09","modified_gmt":"2025-10-26T09:24:09","slug":"erfolgsbilanz","status":"publish","type":"page","link":"https:\/\/grg-partners.com\/de\/dienstleistungen\/erfolgsbilanz\/","title":{"rendered":"Referenzen"},"content":{"rendered":"\t\t<div data-elementor-type=\"wp-page\" data-elementor-id=\"5090\" class=\"elementor elementor-5090 elementor-307\">\n\t\t\t\t<div class=\"elementor-element elementor-element-7766ebb e-con-full e-flex e-con e-parent\" data-id=\"7766ebb\" data-element_type=\"container\">\n\t\t<div class=\"elementor-element elementor-element-6561bb6 e-con-full grg-hero-background e-flex e-con e-child\" data-id=\"6561bb6\" data-element_type=\"container\">\n\t\t\t\t<div class=\"elementor-element elementor-element-a6f5003 elementor-widget__width-auto elementor-widget elementor-widget-html\" data-id=\"a6f5003\" data-element_type=\"widget\" data-widget_type=\"html.default\">\n\t\t\t\t\t<div class=\"grg-bg-emblems\">\n  <div class=\"grg-bg-emblem\"><\/div>\n  <div class=\"grg-bg-emblem\"><\/div>\n  <div class=\"grg-bg-emblem\"><\/div>\n  <div class=\"grg-bg-emblem\"><\/div>\n  <div class=\"grg-bg-emblem\"><\/div>\n  <div class=\"grg-bg-emblem\"><\/div>\n<\/div>\t\t\t\t<\/div>\n\t\t\t\t<div class=\"elementor-element elementor-element-cfd0c02 grg-elegant-accordion elementor-widget elementor-widget-n-accordion\" data-id=\"cfd0c02\" data-element_type=\"widget\" data-settings=\"{&quot;default_state&quot;:&quot;expanded&quot;,&quot;max_items_expended&quot;:&quot;one&quot;,&quot;n_accordion_animation_duration&quot;:{&quot;unit&quot;:&quot;ms&quot;,&quot;size&quot;:400,&quot;sizes&quot;:[]}}\" data-widget_type=\"nested-accordion.default\">\n\t\t\t\t\t\t\t<div class=\"e-n-accordion\" aria-label=\"Accordion. Open links with Enter or Space, close with Escape, and navigate with Arrow Keys\">\n\t\t\t\t\t\t<details id=\"e-n-accordion-item-2170\" class=\"e-n-accordion-item\" open>\n\t\t\t\t<summary class=\"e-n-accordion-item-title\" data-accordion-index=\"1\" tabindex=\"0\" aria-expanded=\"true\" aria-controls=\"e-n-accordion-item-2170\" >\n\t\t\t\t\t<span class='e-n-accordion-item-title-header'><div class=\"e-n-accordion-item-title-text\"> Referenzen <\/div><\/span>\n\t\t\t\t\t\t\t\t\t<\/summary>\n\t\t\t\t<div role=\"region\" aria-labelledby=\"e-n-accordion-item-2170\" class=\"elementor-element elementor-element-46ff4c3 e-con-full e-flex e-con e-child\" data-id=\"46ff4c3\" data-element_type=\"container\">\n\t\t<div role=\"region\" aria-labelledby=\"e-n-accordion-item-2170\" class=\"elementor-element elementor-element-877d461 e-flex e-con-boxed e-con e-child\" data-id=\"877d461\" data-element_type=\"container\">\n\t\t\t\t\t<div class=\"e-con-inner\">\n\t\t\t\t<div class=\"elementor-element elementor-element-62e4a7f elementor-widget elementor-widget-text-editor\" data-id=\"62e4a7f\" data-element_type=\"widget\" data-widget_type=\"text-editor.default\">\n\t\t\t\t\t\t\t\t\t<h3 data-start=\"511\" data-end=\"563\"><strong data-start=\"515\" data-end=\"561\">Nachgewiesene F\u00fchrungsst\u00e4rke in Entwicklung und Investment<\/strong><\/h3><p data-start=\"564\" data-end=\"1013\">Mit \u00fcber 20 Jahren Erfahrung war <strong data-start=\"603\" data-end=\"626\">Niko Gedaze<\/strong> (MRICS) an der Entwicklung und Realisierung bedeutender Logistik- und Industrieimmobilienprojekte in ganz Europa beteiligt.<\/p><p data-start=\"564\" data-end=\"1013\">Aus leitenden Positionen bei f\u00fchrenden internationalen Immobilienplattformen heraus verantwortete er die Identifikation, Akquisition und Umsetzung komplexer Entwicklungen mit Fokus auf Qualit\u00e4t, Resilienz und langfristige Performance \u2013 insbesondere in <strong data-start=\"987\" data-end=\"1010\">Deutschland und \u00d6sterreich<\/strong>.<\/p><p data-start=\"1015\" data-end=\"1341\">Im Verlauf seiner Karriere hat Niko Projekte f\u00fcr namhafte Nutzer wie <strong data-start=\"1117\" data-end=\"1326\">Amazon, Aldi-Nord, Hensoldt, Raben, DHL, Deichmann, DB Schenker, Dachser, Porsche, Bio-Rad Laboratories, Parexel, DSV, GEODIS, Hellmann, Tesla, Schnellecke, BMW, Rudolph Logistik, Rieck, M\u00f6max, Nagel Group<\/strong> und viele weitere erfolgreich begleitet oder verantwortet.<\/p><p data-start=\"1343\" data-end=\"1717\">Diese Projekte wurden w\u00e4hrend fr\u00fcherer T\u00e4tigkeiten bei internationalen Unternehmen wie <strong data-start=\"1440\" data-end=\"1474\">Verdion, EQT Exeter und SEGRO<\/strong> realisiert und belegen eine best\u00e4ndige Erfolgsbilanz in der Schaffung langfristiger Werte f\u00fcr Mieter und Investoren.<\/p><p data-start=\"1343\" data-end=\"1717\"><em data-start=\"1572\" data-end=\"1715\">Alle aufgef\u00fchrten Projekte wurden vor Gr\u00fcndung von GRG realisiert und dienen ausschlie\u00dflich der Darstellung der beruflichen Erfahrung des Gr\u00fcnders.<\/em><\/p>\t\t\t\t\t\t\t\t<\/div>\n\t\t\t\t\t<\/div>\n\t\t\t\t<\/div>\n\t\t\t\t<\/div>\n\t\t\t\t\t<\/details>\n\t\t\t\t\t<\/div>\n\t\t\t\t\t\t<\/div>\n\t\t\t\t<div class=\"elementor-element elementor-element-c4c463a grg-elegant-accordion elementor-widget elementor-widget-n-accordion\" data-id=\"c4c463a\" data-element_type=\"widget\" data-settings=\"{&quot;default_state&quot;:&quot;expanded&quot;,&quot;max_items_expended&quot;:&quot;one&quot;,&quot;n_accordion_animation_duration&quot;:{&quot;unit&quot;:&quot;ms&quot;,&quot;size&quot;:400,&quot;sizes&quot;:[]}}\" data-widget_type=\"nested-accordion.default\">\n\t\t\t\t\t\t\t<div class=\"e-n-accordion\" aria-label=\"Accordion. Open links with Enter or Space, close with Escape, and navigate with Arrow Keys\">\n\t\t\t\t\t\t<details id=\"e-n-accordion-item-2060\" class=\"e-n-accordion-item\" open>\n\t\t\t\t<summary class=\"e-n-accordion-item-title\" data-accordion-index=\"1\" tabindex=\"0\" aria-expanded=\"true\" aria-controls=\"e-n-accordion-item-2060\" >\n\t\t\t\t\t<span class='e-n-accordion-item-title-header'><div class=\"e-n-accordion-item-title-text\"> Wichtige Entwicklungen <\/div><\/span>\n\t\t\t\t\t\t\t<span class='e-n-accordion-item-title-icon'>\n\t\t\t<span class='e-opened' ><svg aria-hidden=\"true\" class=\"e-font-icon-svg e-fas-minus\" viewBox=\"0 0 448 512\" xmlns=\"http:\/\/www.w3.org\/2000\/svg\"><path d=\"M416 208H32c-17.67 0-32 14.33-32 32v32c0 17.67 14.33 32 32 32h384c17.67 0 32-14.33 32-32v-32c0-17.67-14.33-32-32-32z\"><\/path><\/svg><\/span>\n\t\t\t<span class='e-closed'><svg aria-hidden=\"true\" class=\"e-font-icon-svg e-fas-plus\" viewBox=\"0 0 448 512\" xmlns=\"http:\/\/www.w3.org\/2000\/svg\"><path d=\"M416 208H272V64c0-17.67-14.33-32-32-32h-32c-17.67 0-32 14.33-32 32v144H32c-17.67 0-32 14.33-32 32v32c0 17.67 14.33 32 32 32h144v144c0 17.67 14.33 32 32 32h32c17.67 0 32-14.33 32-32V304h144c17.67 0 32-14.33 32-32v-32c0-17.67-14.33-32-32-32z\"><\/path><\/svg><\/span>\n\t\t<\/span>\n\n\t\t\t\t\t\t<\/summary>\n\t\t\t\t<div role=\"region\" aria-labelledby=\"e-n-accordion-item-2060\" class=\"elementor-element elementor-element-5bb7959 e-con-full e-flex e-con e-child\" data-id=\"5bb7959\" data-element_type=\"container\">\n\t\t<div role=\"region\" aria-labelledby=\"e-n-accordion-item-2060\" class=\"elementor-element elementor-element-0458000 e-flex e-con-boxed e-con e-child\" data-id=\"0458000\" data-element_type=\"container\">\n\t\t\t\t\t<div class=\"e-con-inner\">\n\t\t\t\t<div class=\"elementor-element elementor-element-b107b72 elementor-widget elementor-widget-text-editor\" data-id=\"b107b72\" data-element_type=\"widget\" data-widget_type=\"text-editor.default\">\n\t\t\t\t\t\t\t\t\t<p data-start=\"736\" data-end=\"1230\">Nikos Expertise umfasst den gesamten Lebenszyklus von Logistik- und Industrieimmobilien \u2013 von der Grundst\u00fccksakquise und Konzeptplanung bis zur vollst\u00e4ndigen Realisierung und \u00dcbergabe.<\/p><p data-start=\"736\" data-end=\"1230\">Er hatte eine f\u00fchrende Rolle beim <strong data-start=\"1073\" data-end=\"1087\">Aufbau und der Expansion zweier bedeutender institutioneller Entwicklungsplattformen in Europa<\/strong> \u2013 zun\u00e4chst bei <strong data-start=\"928\" data-end=\"1033\">SEGRO<\/strong>, sp\u00e4ter bei <strong data-start=\"1047\" data-end=\"1056\">EQT Exeter<\/strong> \u2013 und verantwortete dabei den Markteintritt, die Entwicklungsstrategie sowie die Umsetzung zentraler Logistikprojekte in Deutschland und \u00d6sterreich.<\/p><p data-start=\"1232\" data-end=\"1256\"><strong data-start=\"1232\" data-end=\"1254\">Projektschwerpunkte<\/strong><\/p><ul data-start=\"1257\" data-end=\"1837\"><li data-start=\"1257\" data-end=\"1363\"><p data-start=\"1259\" data-end=\"1363\">Entwicklung und Realisierung gro\u00dffl\u00e4chiger Logistikparks in <strong data-start=\"1322\" data-end=\"1339\">Berlin<\/strong> und im Umland<\/p><\/li><li data-start=\"1364\" data-end=\"1508\"><p data-start=\"1366\" data-end=\"1508\">Aufbau und Steuerung von Logistikzentren im Gro\u00dfraum <strong data-start=\"1416\" data-end=\"1427\">Leipzig<\/strong>, mit spekulativen und nutzerspezifischen Projekten f\u00fcr internationale Mieter<\/p><\/li><li data-start=\"1509\" data-end=\"1639\"><p data-start=\"1511\" data-end=\"1639\">Umsetzung mehrerer Logistikentwicklungen in <strong data-start=\"1559\" data-end=\"1591\">S\u00fcd- und Westdeutschland<\/strong>, abgestimmt auf unterschiedliche operative Anforderungen<\/p><\/li><li data-start=\"1640\" data-end=\"1837\"><p data-start=\"1642\" data-end=\"1837\">Strategische Leitung des <strong data-start=\"1642\" data-end=\"1721\">Markteintritts<\/strong> und <strong data-start=\"1725\" data-end=\"1748\">Rollouts institutioneller Logistikplattformen<\/strong> in Deutschland und \u00d6sterreich, einschlie\u00dflich der Entwicklung von Paket- und Distributionszentren <strong data-start=\"1818\" data-end=\"1835\">in Wien und Umgebung<\/strong><\/p><\/li><\/ul><p data-start=\"1839\" data-end=\"2034\">Diese Projekte belegen Nikos nachweisliche F\u00e4higkeit, institutionelle <strong data-start=\"1900\" data-end=\"1965\">Logistikportfolios aufzubauen und erfolgreich zu skalieren<\/strong> \u2013 mit konstantem Fokus auf Qualit\u00e4t, Innovation und langfristige Wertsch\u00f6pfung.<\/p>\t\t\t\t\t\t\t\t<\/div>\n\t\t\t\t\t<\/div>\n\t\t\t\t<\/div>\n\t\t\t\t<\/div>\n\t\t\t\t\t<\/details>\n\t\t\t\t\t\t<details id=\"e-n-accordion-item-2061\" class=\"e-n-accordion-item\" >\n\t\t\t\t<summary class=\"e-n-accordion-item-title\" data-accordion-index=\"2\" tabindex=\"-1\" aria-expanded=\"false\" aria-controls=\"e-n-accordion-item-2061\" >\n\t\t\t\t\t<span class='e-n-accordion-item-title-header'><div class=\"e-n-accordion-item-title-text\"> Vermietung &amp; Nutzerpartnerschaften <\/div><\/span>\n\t\t\t\t\t\t\t<span class='e-n-accordion-item-title-icon'>\n\t\t\t<span class='e-opened' ><svg aria-hidden=\"true\" class=\"e-font-icon-svg e-fas-minus\" viewBox=\"0 0 448 512\" xmlns=\"http:\/\/www.w3.org\/2000\/svg\"><path d=\"M416 208H32c-17.67 0-32 14.33-32 32v32c0 17.67 14.33 32 32 32h384c17.67 0 32-14.33 32-32v-32c0-17.67-14.33-32-32-32z\"><\/path><\/svg><\/span>\n\t\t\t<span class='e-closed'><svg aria-hidden=\"true\" class=\"e-font-icon-svg e-fas-plus\" viewBox=\"0 0 448 512\" xmlns=\"http:\/\/www.w3.org\/2000\/svg\"><path d=\"M416 208H272V64c0-17.67-14.33-32-32-32h-32c-17.67 0-32 14.33-32 32v144H32c-17.67 0-32 14.33-32 32v32c0 17.67 14.33 32 32 32h144v144c0 17.67 14.33 32 32 32h32c17.67 0 32-14.33 32-32V304h144c17.67 0 32-14.33 32-32v-32c0-17.67-14.33-32-32-32z\"><\/path><\/svg><\/span>\n\t\t<\/span>\n\n\t\t\t\t\t\t<\/summary>\n\t\t\t\t<div role=\"region\" aria-labelledby=\"e-n-accordion-item-2061\" class=\"elementor-element elementor-element-943e176 e-con-full e-flex e-con e-child\" data-id=\"943e176\" data-element_type=\"container\">\n\t\t<div role=\"region\" aria-labelledby=\"e-n-accordion-item-2061\" class=\"elementor-element elementor-element-7aadc36 e-flex e-con-boxed e-con e-child\" data-id=\"7aadc36\" data-element_type=\"container\">\n\t\t\t\t\t<div class=\"e-con-inner\">\n\t\t\t\t<div class=\"elementor-element elementor-element-19596af elementor-widget elementor-widget-text-editor\" data-id=\"19596af\" data-element_type=\"widget\" data-widget_type=\"text-editor.default\">\n\t\t\t\t\t\t\t\t\t<p>Die Entwicklung nutzerorientierter Logistikfl\u00e4chen steht seit jeher im Mittelpunkt seiner Arbeit.<\/p><p>Niko hat <strong data-start=\"2802\" data-end=\"2828\">Build-to-Suit-Projekte<\/strong> geleitet und Mietvertr\u00e4ge mit Unternehmen aus den Bereichen <strong data-start=\"2875\" data-end=\"2946\">E-Commerce, Automobilindustrie, Pharma, Lebensmittellogistik, Verteidigung<\/strong> und <strong data-start=\"2952\" data-end=\"2967\">3PL-Dienstleistung<\/strong> verhandelt \u2013 stets mit Fokus auf langfristige Partnerschaft und operative Exzellenz.<\/p>\t\t\t\t\t\t\t\t<\/div>\n\t\t\t\t\t<\/div>\n\t\t\t\t<\/div>\n\t\t\t\t<\/div>\n\t\t\t\t\t<\/details>\n\t\t\t\t\t\t<details id=\"e-n-accordion-item-2062\" class=\"e-n-accordion-item\" >\n\t\t\t\t<summary class=\"e-n-accordion-item-title\" data-accordion-index=\"3\" tabindex=\"-1\" aria-expanded=\"false\" aria-controls=\"e-n-accordion-item-2062\" >\n\t\t\t\t\t<span class='e-n-accordion-item-title-header'><div class=\"e-n-accordion-item-title-text\"> Nachhaltigkeit &amp; Wertsch\u00f6pfung <\/div><\/span>\n\t\t\t\t\t\t\t<span class='e-n-accordion-item-title-icon'>\n\t\t\t<span class='e-opened' ><svg aria-hidden=\"true\" class=\"e-font-icon-svg e-fas-minus\" viewBox=\"0 0 448 512\" xmlns=\"http:\/\/www.w3.org\/2000\/svg\"><path d=\"M416 208H32c-17.67 0-32 14.33-32 32v32c0 17.67 14.33 32 32 32h384c17.67 0 32-14.33 32-32v-32c0-17.67-14.33-32-32-32z\"><\/path><\/svg><\/span>\n\t\t\t<span class='e-closed'><svg aria-hidden=\"true\" class=\"e-font-icon-svg e-fas-plus\" viewBox=\"0 0 448 512\" xmlns=\"http:\/\/www.w3.org\/2000\/svg\"><path d=\"M416 208H272V64c0-17.67-14.33-32-32-32h-32c-17.67 0-32 14.33-32 32v144H32c-17.67 0-32 14.33-32 32v32c0 17.67 14.33 32 32 32h144v144c0 17.67 14.33 32 32 32h32c17.67 0 32-14.33 32-32V304h144c17.67 0 32-14.33 32-32v-32c0-17.67-14.33-32-32-32z\"><\/path><\/svg><\/span>\n\t\t<\/span>\n\n\t\t\t\t\t\t<\/summary>\n\t\t\t\t<div role=\"region\" aria-labelledby=\"e-n-accordion-item-2062\" class=\"elementor-element elementor-element-d63cf79 e-con-full e-flex e-con e-child\" data-id=\"d63cf79\" data-element_type=\"container\">\n\t\t<div role=\"region\" aria-labelledby=\"e-n-accordion-item-2062\" class=\"elementor-element elementor-element-385a24d e-flex e-con-boxed e-con e-child\" data-id=\"385a24d\" data-element_type=\"container\">\n\t\t\t\t\t<div class=\"e-con-inner\">\n\t\t\t\t<div class=\"elementor-element elementor-element-9123e71 elementor-widget elementor-widget-text-editor\" data-id=\"9123e71\" data-element_type=\"widget\" data-widget_type=\"text-editor.default\">\n\t\t\t\t\t\t\t\t\t<p>Jedes Projekt basiert auf dem Anspruch,<strong data-start=\"3135\" data-end=\"3181\"> Nachhaltigkeit und dauerhafte Wertsch\u00f6pfung<\/strong> zu verbinden.<\/p><p>Nikos Erfahrung umfasst die Integration von <strong data-start=\"3224\" data-end=\"3246\">ESG<\/strong>-Prinzipien, flexiblen und zukunftsf\u00e4higen Designkonzepten sowie einer robusten Investment-Performance \u00fcber verschiedene Marktzyklen hinweg.<\/p>\t\t\t\t\t\t\t\t<\/div>\n\t\t\t\t\t<\/div>\n\t\t\t\t<\/div>\n\t\t\t\t<\/div>\n\t\t\t\t\t<\/details>\n\t\t\t\t\t\t<details id=\"e-n-accordion-item-2063\" class=\"e-n-accordion-item\" >\n\t\t\t\t<summary class=\"e-n-accordion-item-title\" data-accordion-index=\"4\" tabindex=\"-1\" aria-expanded=\"false\" aria-controls=\"e-n-accordion-item-2063\" >\n\t\t\t\t\t<span class='e-n-accordion-item-title-header'><div class=\"e-n-accordion-item-title-text\"> Investment Performance <\/div><\/span>\n\t\t\t\t\t\t\t<span class='e-n-accordion-item-title-icon'>\n\t\t\t<span class='e-opened' ><svg aria-hidden=\"true\" class=\"e-font-icon-svg e-fas-minus\" viewBox=\"0 0 448 512\" xmlns=\"http:\/\/www.w3.org\/2000\/svg\"><path d=\"M416 208H32c-17.67 0-32 14.33-32 32v32c0 17.67 14.33 32 32 32h384c17.67 0 32-14.33 32-32v-32c0-17.67-14.33-32-32-32z\"><\/path><\/svg><\/span>\n\t\t\t<span class='e-closed'><svg aria-hidden=\"true\" class=\"e-font-icon-svg e-fas-plus\" viewBox=\"0 0 448 512\" xmlns=\"http:\/\/www.w3.org\/2000\/svg\"><path d=\"M416 208H272V64c0-17.67-14.33-32-32-32h-32c-17.67 0-32 14.33-32 32v144H32c-17.67 0-32 14.33-32 32v32c0 17.67 14.33 32 32 32h144v144c0 17.67 14.33 32 32 32h32c17.67 0 32-14.33 32-32V304h144c17.67 0 32-14.33 32-32v-32c0-17.67-14.33-32-32-32z\"><\/path><\/svg><\/span>\n\t\t<\/span>\n\n\t\t\t\t\t\t<\/summary>\n\t\t\t\t<div role=\"region\" aria-labelledby=\"e-n-accordion-item-2063\" class=\"elementor-element elementor-element-d10a395 e-flex e-con-boxed e-con e-child\" data-id=\"d10a395\" data-element_type=\"container\">\n\t\t\t\t\t<div class=\"e-con-inner\">\n\t\t<div role=\"region\" aria-labelledby=\"e-n-accordion-item-2063\" class=\"elementor-element elementor-element-eb826fc e-con-full e-flex e-con e-child\" data-id=\"eb826fc\" data-element_type=\"container\">\n\t\t\t\t<div class=\"elementor-element elementor-element-036d14d elementor-widget elementor-widget-text-editor\" data-id=\"036d14d\" data-element_type=\"widget\" data-widget_type=\"text-editor.default\">\n\t\t\t\t\t\t\t\t\t<ul><li style=\"list-style-type: none;\"><ul><li data-start=\"3803\" data-end=\"3861\"><p data-start=\"3805\" data-end=\"3861\">\u00dcber <strong data-start=\"3810\" data-end=\"3824\">1 Milliarde \u20ac<\/strong> verwaltetes Transaktionsvolumen<\/p><\/li><li data-start=\"3862\" data-end=\"3936\"><p data-start=\"3864\" data-end=\"3936\">Mehr als <strong data-start=\"3874\" data-end=\"3890\">1 Million m\u00b2<\/strong> entwickelte Logistik- und Industriefl\u00e4chen<\/p><\/li><li data-start=\"3937\" data-end=\"4023\"><p data-start=\"3939\" data-end=\"4023\">Konstant <strong data-start=\"3960\" data-end=\"3984\">\u00fcberdurchschnittliche Renditen<\/strong> und <strong data-start=\"3989\" data-end=\"4023\">widerstandsf\u00e4hige, zukunftsf\u00e4hige Assets<\/strong><\/p><\/li><\/ul><\/li><\/ul>\t\t\t\t\t\t\t\t<\/div>\n\t\t\t\t<\/div>\n\t\t\t\t\t<\/div>\n\t\t\t\t<\/div>\n\t\t\t\t\t<\/details>\n\t\t\t\t\t<\/div>\n\t\t\t\t\t\t<\/div>\n\t\t\t\t<div class=\"elementor-element elementor-element-c4b3f56 grg-elegant-accordion elementor-widget elementor-widget-n-accordion\" data-id=\"c4b3f56\" data-element_type=\"widget\" data-settings=\"{&quot;default_state&quot;:&quot;expanded&quot;,&quot;max_items_expended&quot;:&quot;one&quot;,&quot;n_accordion_animation_duration&quot;:{&quot;unit&quot;:&quot;ms&quot;,&quot;size&quot;:400,&quot;sizes&quot;:[]}}\" data-widget_type=\"nested-accordion.default\">\n\t\t\t\t\t\t\t<div class=\"e-n-accordion\" aria-label=\"Accordion. Open links with Enter or Space, close with Escape, and navigate with Arrow Keys\">\n\t\t\t\t\t\t<details id=\"e-n-accordion-item-2060\" class=\"e-n-accordion-item\" open>\n\t\t\t\t<summary class=\"e-n-accordion-item-title\" data-accordion-index=\"1\" tabindex=\"0\" aria-expanded=\"true\" aria-controls=\"e-n-accordion-item-2060\" >\n\t\t\t\t\t<span class='e-n-accordion-item-title-header'><div class=\"e-n-accordion-item-title-text\">  <\/div><\/span>\n\t\t\t\t\t\t\t\t\t<\/summary>\n\t\t\t\t<div role=\"region\" aria-labelledby=\"e-n-accordion-item-2060\" class=\"elementor-element elementor-element-a44c90b e-con-full e-flex e-con e-child\" data-id=\"a44c90b\" data-element_type=\"container\">\n\t\t<div role=\"region\" aria-labelledby=\"e-n-accordion-item-2060\" class=\"elementor-element elementor-element-ae01d21 e-flex e-con-boxed e-con e-child\" data-id=\"ae01d21\" data-element_type=\"container\">\n\t\t\t\t\t<div class=\"e-con-inner\">\n\t\t\t\t<div class=\"elementor-element elementor-element-6a2f588 elementor-widget elementor-widget-text-editor\" data-id=\"6a2f588\" data-element_type=\"widget\" data-widget_type=\"text-editor.default\">\n\t\t\t\t\t\t\t\t\t<p>Dieser Track Record steht f\u00fcr strategische <strong data-start=\"3692\" data-end=\"3731\">F\u00fchrungsst\u00e4rke, Zusammenarbeit<\/strong> und <strong data-start=\"3739\" data-end=\"3782\">einen konsequenten Qualit\u00e4tsanspruch<\/strong>.<\/p><p><strong data-start=\"3786\" data-end=\"3793\">GRG<\/strong> baut auf dieser Erfahrung auf, um die n\u00e4chste Generation von Logistikimmobilien zu gestalten \u2013 mit Erfahrung, Innovation und nachhaltiger Wertsch\u00f6pfung in jedem Projekt und jeder Partnerschaft.<\/p><p><em><strong><a class=\"about-cta-link\" href=\"https:\/\/grg-partners.com\/de\/dienstleistungen\/\">\u2190 Zur\u00fcck<\/a><\/strong><\/em><\/p>\t\t\t\t\t\t\t\t<\/div>\n\t\t\t\t\t<\/div>\n\t\t\t\t<\/div>\n\t\t\t\t<\/div>\n\t\t\t\t\t<\/details>\n\t\t\t\t\t<\/div>\n\t\t\t\t\t\t<\/div>\n\t\t\t\t<\/div>\n\t\t\t\t<\/div>\n\t\t\t\t<\/div>\n\t\t","protected":false},"excerpt":{"rendered":"<p>Referenzen Nachgewiesene F\u00fchrungsst\u00e4rke in Entwicklung und Investment Mit \u00fcber 20 Jahren Erfahrung war Niko Gedaze (MRICS) an der Entwicklung und Realisierung bedeutender Logistik- und Industrieimmobilienprojekte in ganz Europa beteiligt. Aus leitenden Positionen bei f\u00fchrenden internationalen Immobilienplattformen heraus verantwortete er die Identifikation, Akquisition und Umsetzung komplexer Entwicklungen mit Fokus auf Qualit\u00e4t, Resilienz und langfristige Performance \u2013 [&hellip;]<\/p>\n","protected":false},"author":1,"featured_media":0,"parent":5085,"menu_order":0,"comment_status":"closed","ping_status":"closed","template":"elementor_header_footer","meta":{"_eb_attr":"","footnotes":""},"class_list":["post-5090","page","type-page","status-publish","hentry"],"_links":{"self":[{"href":"https:\/\/grg-partners.com\/de\/wp-json\/wp\/v2\/pages\/5090","targetHints":{"allow":["GET"]}}],"collection":[{"href":"https:\/\/grg-partners.com\/de\/wp-json\/wp\/v2\/pages"}],"about":[{"href":"https:\/\/grg-partners.com\/de\/wp-json\/wp\/v2\/types\/page"}],"author":[{"embeddable":true,"href":"https:\/\/grg-partners.com\/de\/wp-json\/wp\/v2\/users\/1"}],"replies":[{"embeddable":true,"href":"https:\/\/grg-partners.com\/de\/wp-json\/wp\/v2\/comments?post=5090"}],"version-history":[{"count":13,"href":"https:\/\/grg-partners.com\/de\/wp-json\/wp\/v2\/pages\/5090\/revisions"}],"predecessor-version":[{"id":6345,"href":"https:\/\/grg-partners.com\/de\/wp-json\/wp\/v2\/pages\/5090\/revisions\/6345"}],"up":[{"embeddable":true,"href":"https:\/\/grg-partners.com\/de\/wp-json\/wp\/v2\/pages\/5085"}],"wp:attachment":[{"href":"https:\/\/grg-partners.com\/de\/wp-json\/wp\/v2\/media?parent=5090"}],"curies":[{"name":"wp","href":"https:\/\/api.w.org\/{rel}","templated":true}]}}