{"id":5918,"date":"2025-10-03T14:02:38","date_gmt":"2025-10-03T12:02:38","guid":{"rendered":"https:\/\/grg-partners.com\/haftungsausschluss\/"},"modified":"2025-10-26T09:21:13","modified_gmt":"2025-10-26T08:21:13","slug":"haftungsausschluss","status":"publish","type":"page","link":"https:\/\/grg-partners.com\/de\/haftungsausschluss\/","title":{"rendered":"Haftungsausschluss"},"content":{"rendered":"\t\t<div data-elementor-type=\"wp-page\" data-elementor-id=\"5918\" class=\"elementor elementor-5918 elementor-5898\">\n\t\t\t\t<div class=\"elementor-element elementor-element-5a074cc e-flex e-con-boxed e-con e-parent\" data-id=\"5a074cc\" data-element_type=\"container\">\n\t\t\t\t\t<div class=\"e-con-inner\">\n\t\t<div class=\"elementor-element elementor-element-4d66119 e-con-full grg-master-canvas e-flex e-con e-child\" data-id=\"4d66119\" data-element_type=\"container\">\n\t\t\t\t<div class=\"elementor-element elementor-element-c9841e6 elementor-widget elementor-widget-text-editor\" data-id=\"c9841e6\" data-element_type=\"widget\" data-widget_type=\"text-editor.default\">\n\t\t\t\t\t\t\t\t\t<h2 data-start=\"4614\" data-end=\"4628\"> <\/h2><h2 data-start=\"4614\" data-end=\"4628\"><strong data-start=\"4614\" data-end=\"4628\">Haftungsausschluss<\/strong><\/h2><p> <\/p><p data-start=\"4630\" data-end=\"4882\"><strong data-start=\"4630\" data-end=\"4652\">Keine Beratung, kein Angebot<\/strong><br data-start=\"4652\" data-end=\"4655\">Die Inhalte dieser Website dienen ausschlie\u00dflich allgemeinen Informationszwecken und stellen weder Anlage-, Rechts-, Steuer- noch sonstige Beratung dar; sie sind zudem kein Angebot oder eine Aufforderung zum Abschluss eines Gesch\u00e4fts.<\/p><p data-start=\"4884\" data-end=\"5100\"><strong data-start=\"4884\" data-end=\"4914\">Zukunftsgerichtete Aussagen<\/strong><br data-start=\"4914\" data-end=\"4917\">Aussagen auf dieser Website k\u00f6nnen in die Zukunft gerichtete Aussagen enthalten. Tats\u00e4chliche Ergebnisse k\u00f6nnen wesentlich abweichen. Eine Aktualisierung solcher Aussagen erfolgt nicht.  <\/p><p data-start=\"5102\" data-end=\"5285\"><strong data-start=\"5102\" data-end=\"5133\">Inhalte Dritter &amp; Verlinkungen<\/strong><br data-start=\"5133\" data-end=\"5136\">Externe Links\/Einbettungen (z. B. Karten, Videos) f\u00fchren zu Websites Dritter, deren Inhalte und Datenschutzpraktiken au\u00dferhalb unseres Einflussbereichs liegen. <\/p><p data-start=\"5287\" data-end=\"5410\"><strong data-start=\"5287\" data-end=\"5308\">Cookies &amp; Datenschutz<\/strong><br data-start=\"5308\" data-end=\"5311\">Informationen zu Cookies und Datenverarbeitung finden Sie in unserer Cookie-Richtlinie und Datenschutzerkl\u00e4rung.<\/p><p data-start=\"5412\" data-end=\"5609\"><strong data-start=\"5412\" data-end=\"5438\">Urheber- &amp; Kennzeichenrecht<\/strong><br data-start=\"5438\" data-end=\"5441\">Marken und Logos sind Eigentum der jeweiligen Rechteinhaber. Inhalte d\u00fcrfen \u2013 soweit gesetzlich nicht anders zul\u00e4ssig \u2013 nur mit vorheriger schriftlicher Zustimmung verwendet werden. <\/p><p data-start=\"5611\" data-end=\"5696\"><strong data-start=\"5611\" data-end=\"5628\">Anwendbares Recht<\/strong><br data-start=\"5628\" data-end=\"5631\">Es gilt das Recht der Bundesrepublik Deutschland.<\/p><p data-start=\"5698\" data-end=\"5730\"><em data-start=\"5698\" data-end=\"5730\">Zuletzt aktualisiert: 10.03.2025<\/em><\/p>\t\t\t\t\t\t\t\t<\/div>\n\t\t\t\t<\/div>\n\t\t\t\t\t<\/div>\n\t\t\t\t<\/div>\n\t\t\t\t<\/div>\n\t\t","protected":false},"excerpt":{"rendered":"<p>Haftungsausschluss Keine Beratung, kein AngebotDie Inhalte dieser Website dienen ausschlie\u00dflich allgemeinen Informationszwecken und stellen weder Anlage-, Rechts-, Steuer- noch sonstige Beratung dar; sie sind zudem kein Angebot oder eine Aufforderung zum Abschluss eines Gesch\u00e4fts. Zukunftsgerichtete AussagenAussagen auf dieser Website k\u00f6nnen in die Zukunft gerichtete Aussagen enthalten. Tats\u00e4chliche Ergebnisse k\u00f6nnen wesentlich abweichen. Eine Aktualisierung solcher Aussagen [&hellip;]<\/p>\n","protected":false},"author":1,"featured_media":0,"parent":0,"menu_order":0,"comment_status":"closed","ping_status":"closed","template":"elementor_header_footer","meta":{"_eb_attr":"","footnotes":""},"class_list":["post-5918","page","type-page","status-publish","hentry"],"_links":{"self":[{"href":"https:\/\/grg-partners.com\/de\/wp-json\/wp\/v2\/pages\/5918","targetHints":{"allow":["GET"]}}],"collection":[{"href":"https:\/\/grg-partners.com\/de\/wp-json\/wp\/v2\/pages"}],"about":[{"href":"https:\/\/grg-partners.com\/de\/wp-json\/wp\/v2\/types\/page"}],"author":[{"embeddable":true,"href":"https:\/\/grg-partners.com\/de\/wp-json\/wp\/v2\/users\/1"}],"replies":[{"embeddable":true,"href":"https:\/\/grg-partners.com\/de\/wp-json\/wp\/v2\/comments?post=5918"}],"version-history":[{"count":3,"href":"https:\/\/grg-partners.com\/de\/wp-json\/wp\/v2\/pages\/5918\/revisions"}],"predecessor-version":[{"id":6321,"href":"https:\/\/grg-partners.com\/de\/wp-json\/wp\/v2\/pages\/5918\/revisions\/6321"}],"wp:attachment":[{"href":"https:\/\/grg-partners.com\/de\/wp-json\/wp\/v2\/media?parent=5918"}],"curies":[{"name":"wp","href":"https:\/\/api.w.org\/{rel}","templated":true}]}}