{"id":5921,"date":"2025-10-03T14:02:05","date_gmt":"2025-10-03T12:02:05","guid":{"rendered":"https:\/\/grg-partners.com\/impressum\/"},"modified":"2025-10-26T09:57:48","modified_gmt":"2025-10-26T08:57:48","slug":"impressum","status":"publish","type":"page","link":"https:\/\/grg-partners.com\/de\/impressum\/","title":{"rendered":"impressum"},"content":{"rendered":"\t\t<div data-elementor-type=\"wp-page\" data-elementor-id=\"5921\" class=\"elementor elementor-5921 elementor-5896\">\n\t\t\t\t<div class=\"elementor-element elementor-element-72e7ef0 e-flex e-con-boxed e-con e-parent\" data-id=\"72e7ef0\" data-element_type=\"container\">\n\t\t\t\t\t<div class=\"e-con-inner\">\n\t\t<div class=\"elementor-element elementor-element-841e597 e-con-full e-flex e-con e-child\" data-id=\"841e597\" data-element_type=\"container\">\n\t\t<div class=\"elementor-element elementor-element-60969b6 e-con-full grg-master-canvas e-flex e-con e-child\" data-id=\"60969b6\" data-element_type=\"container\">\n\t\t\t\t<div class=\"elementor-element elementor-element-6252c1f elementor-widget elementor-widget-text-editor\" data-id=\"6252c1f\" data-element_type=\"widget\" data-widget_type=\"text-editor.default\">\n\t\t\t\t\t\t\t\t\t<h1 data-start=\"742\" data-end=\"768\"> <\/h1><h2 data-start=\"459\" data-end=\"488\"><strong data-start=\"462\" data-end=\"488\">Impressum<\/strong><\/h2><p data-start=\"490\" data-end=\"628\"> <\/p><p data-start=\"490\" data-end=\"628\">Diensteanbieter gem\u00e4\u00df \u00a7 5 TMG<br data-start=\"528\" data-end=\"531\">GRG Partners GmbH<br data-start=\"552\" data-end=\"555\">K\u00f6nigsallee 27<br data-start=\"569\" data-end=\"572\">40212 D\u00fcsseldorf<br data-start=\"597\" data-end=\"600\">Deutschland<br>E-Mail: <a class=\"decorated-link cursor-pointer\" rel=\"noopener\" data-start=\"603\" data-end=\"626\">office@grg-partners.com<\/a><\/p><p data-start=\"630\" data-end=\"712\"><strong data-start=\"630\" data-end=\"659\">Vertretungsberechtigte Person<\/strong><br data-start=\"659\" data-end=\"662\">Gesch\u00e4ftsf\u00fchrer: Niko Gedaze<\/p><p data-start=\"714\" data-end=\"822\"><strong data-start=\"714\" data-end=\"737\">Registereintrag<\/strong><br data-start=\"737\" data-end=\"740\">Eingetragen im Handelsregister beim Amtsgericht D\u00fcsseldorf<br data-start=\"777\" data-end=\"780\">Handelsregisternummer: HRB 110650<\/p><p data-start=\"824\" data-end=\"882\"><strong data-start=\"824\" data-end=\"846\">Umsatzsteuer-Identifikationsnummer <\/strong>gem\u00e4\u00df \u00a7 27a UStG<br data-start=\"846\" data-end=\"849\">DE [wird nachgereicht, sobald verf\u00fcgbar]<\/p><p data-start=\"884\" data-end=\"994\"><strong data-start=\"884\" data-end=\"949\">Verantwortlich f\u00fcr den Inhalt <\/strong>nach \u00a7 55 Abs. 2 RStV \/ \u00a7 18 Abs. 2 MStV<br data-start=\"949\" data-end=\"952\">GRG Partners GmbH, K\u00f6nigsallee 27, 40212 D\u00fcsseldorf<\/p><h3 data-start=\"1001\" data-end=\"1045\"> <\/h3><h3 data-start=\"1001\" data-end=\"1045\"><strong data-start=\"1005\" data-end=\"1043\">EU-Streitschlichtung \/ Online-Streitbeilegung<\/strong><\/h3><p data-start=\"1046\" data-end=\"1197\">Die Europ\u00e4ische Kommission stellt eine Plattform zur Online-Streitbeilegung (OS) bereit:<br data-start=\"1120\" data-end=\"1123\"><a class=\"decorated-link\" href=\"https:\/\/ec.europa.eu\/consumers\/odr\" target=\"_new\" rel=\"noopener\" data-start=\"1123\" data-end=\"1195\">https:\/\/ec.europa.eu\/consumers\/odr<\/a><\/p><p data-start=\"1199\" data-end=\"1321\">Wir sind weder verpflichtet noch bereit, an Streitbeilegungsverfahren vor einer Verbraucherschlichtungsstelle teilzunehmen.<\/p><p data-start=\"1199\" data-end=\"1321\"><strong data-start=\"1332\" data-end=\"1345\">Urheberrecht<\/strong><\/p><p data-start=\"1348\" data-end=\"1548\">Sofern nicht anders angegeben, sind alle Inhalte, Bilder, Videos und Grafiken auf dieser Website \u00a9 GRG Partners GmbH oder werden mit entsprechender Lizenz verwendet.<br data-start=\"1476\" data-end=\"1479\">Jede Nutzung \u00fcber die gesetzlich zul\u00e4ssigen F\u00e4lle hinaus bedarf der vorherigen schriftlichen Zustimmung der GRG Partners GmbH.<\/p><h3 data-start=\"1555\" data-end=\"1595\"> <\/h3><h3 data-start=\"1555\" data-end=\"1595\"><strong data-start=\"1559\" data-end=\"1593\">Haftung f\u00fcr Inhalte<\/strong><\/h3><p data-start=\"1596\" data-end=\"2078\">Die Inhalte unserer Seiten wurden mit gr\u00f6\u00dfter Sorgfalt erstellt. F\u00fcr die Richtigkeit, Vollst\u00e4ndigkeit und Aktualit\u00e4t der Inhalte k\u00f6nnen wir jedoch keine Gew\u00e4hr \u00fcbernehmen.<br data-start=\"1730\" data-end=\"1733\">Als Diensteanbieter sind wir gem\u00e4\u00df \u00a7\u00a7 7 bis 10 TMG f\u00fcr eigene Inhalte auf diesen Seiten nach den allgemeinen Gesetzen verantwortlich.<br data-start=\"1843\" data-end=\"1846\">Wir sind jedoch nicht verpflichtet, \u00fcbermittelte oder gespeicherte fremde Informationen zu \u00fcberwachen oder nach Umst\u00e4nden zu forschen, die auf eine rechtswidrige T\u00e4tigkeit hinweisen.<br data-start=\"1982\" data-end=\"1985\">Verpflichtungen zur Entfernung oder Sperrung der Nutzung von Informationen nach den allgemeinen Gesetzen bleiben hiervon unber\u00fchrt. <\/p><p data-start=\"2080\" data-end=\"2407\">Unser Angebot enth\u00e4lt Links zu externen Websites Dritter, auf deren Inhalte wir keinen Einfluss haben.<br data-start=\"2179\" data-end=\"2182\">Deshalb k\u00f6nnen wir f\u00fcr diese fremden Inhalte auch keine Gew\u00e4hr \u00fcbernehmen.<br data-start=\"2341\" data-end=\"2344\">F\u00fcr die Inhalte der verlinkten Seiten ist stets der jeweilige Anbieter oder Betreiber der Seiten verantwortlich.<br>Zum Zeitpunkt der Verlinkung wurden die verlinkten Seiten auf m\u00f6gliche Rechtsverst\u00f6\u00dfe \u00fcberpr\u00fcft.<br>Rechtswidrige Inhalte waren zum Zeitpunkt der Verlinkung nicht erkennbar. <\/p><p data-start=\"2080\" data-end=\"2407\"> <\/p><p data-start=\"2409\" data-end=\"2442\"><em data-start=\"2409\" data-end=\"2440\">Stand: 24. Oktober 2025<\/em><\/p>\t\t\t\t\t\t\t\t<\/div>\n\t\t\t\t<\/div>\n\t\t\t\t<\/div>\n\t\t\t\t\t<\/div>\n\t\t\t\t<\/div>\n\t\t\t\t<\/div>\n\t\t","protected":false},"excerpt":{"rendered":"<p>Impressum Diensteanbieter gem\u00e4\u00df \u00a7 5 TMGGRG Partners GmbHK\u00f6nigsallee 2740212 D\u00fcsseldorfDeutschlandE-Mail: office@grg-partners.com Vertretungsberechtigte PersonGesch\u00e4ftsf\u00fchrer: Niko Gedaze RegistereintragEingetragen im Handelsregister beim Amtsgericht D\u00fcsseldorfHandelsregisternummer: HRB 110650 Umsatzsteuer-Identifikationsnummer gem\u00e4\u00df \u00a7 27a UStGDE [wird nachgereicht, sobald verf\u00fcgbar] Verantwortlich f\u00fcr den Inhalt nach \u00a7 55 Abs. 2 RStV \/ \u00a7 18 Abs. 2 MStVGRG Partners GmbH, K\u00f6nigsallee 27, 40212 D\u00fcsseldorf EU-Streitschlichtung [&hellip;]<\/p>\n","protected":false},"author":1,"featured_media":0,"parent":0,"menu_order":0,"comment_status":"closed","ping_status":"closed","template":"elementor_header_footer","meta":{"_eb_attr":"","footnotes":""},"class_list":["post-5921","page","type-page","status-publish","hentry"],"_links":{"self":[{"href":"https:\/\/grg-partners.com\/de\/wp-json\/wp\/v2\/pages\/5921","targetHints":{"allow":["GET"]}}],"collection":[{"href":"https:\/\/grg-partners.com\/de\/wp-json\/wp\/v2\/pages"}],"about":[{"href":"https:\/\/grg-partners.com\/de\/wp-json\/wp\/v2\/types\/page"}],"author":[{"embeddable":true,"href":"https:\/\/grg-partners.com\/de\/wp-json\/wp\/v2\/users\/1"}],"replies":[{"embeddable":true,"href":"https:\/\/grg-partners.com\/de\/wp-json\/wp\/v2\/comments?post=5921"}],"version-history":[{"count":4,"href":"https:\/\/grg-partners.com\/de\/wp-json\/wp\/v2\/pages\/5921\/revisions"}],"predecessor-version":[{"id":6337,"href":"https:\/\/grg-partners.com\/de\/wp-json\/wp\/v2\/pages\/5921\/revisions\/6337"}],"wp:attachment":[{"href":"https:\/\/grg-partners.com\/de\/wp-json\/wp\/v2\/media?parent=5921"}],"curies":[{"name":"wp","href":"https:\/\/api.w.org\/{rel}","templated":true}]}}